{"id":1550,"date":"2019-11-13T20:44:14","date_gmt":"2019-11-13T19:44:14","guid":{"rendered":"https:\/\/hotbin.ch\/produkt\/mini-100-l\/"},"modified":"2026-04-02T09:04:27","modified_gmt":"2026-04-02T07:04:27","slug":"bac-a-compost-mini-100l","status":"publish","type":"product","link":"https:\/\/hotbin.ch\/fr\/produit\/bac-a-compost-mini-100l\/","title":{"rendered":"Mini 100 L"},"content":{"rendered":"<h2 style=\"text-align: center;\"><span style=\"color: #ff0000;\">Produit retir\u00e9<\/span><\/h2>\n<p><img fetchpriority=\"high\" decoding=\"async\" class=\"aligncenter wp-image-14800 size-full\" src=\"https:\/\/hotbin.ch\/wp-content\/uploads\/2020\/08\/HOTBIN-Parts-French-Copy.jpg\" alt=\"\" width=\"700\" height=\"831\" srcset=\"https:\/\/hotbin.ch\/wp-content\/uploads\/2020\/08\/HOTBIN-Parts-French-Copy.jpg 700w, https:\/\/hotbin.ch\/wp-content\/uploads\/2020\/08\/HOTBIN-Parts-French-Copy-600x712.jpg 600w, https:\/\/hotbin.ch\/wp-content\/uploads\/2020\/08\/HOTBIN-Parts-French-Copy-253x300.jpg 253w\" sizes=\"(max-width: 700px) 100vw, 700px\" \/><\/p>\n<p><strong>Composition de la HOTBIN<\/strong><\/p>\n<p>La HOTBIN se compose de <strong>polypropyl\u00e8ne expans\u00e9 ARPRO\u00ae, \u00e9galement<\/strong> connu sous le nom de \u00ab\u00a0PP-E\u00a0\u00bb. Il s&rsquo;agit d&rsquo;un plastique sp\u00e9cialis\u00e9, \u00e0 usage multiple et<strong> tr\u00e8s durable<\/strong>. Le PP-E ARPRO\u00ae se caract\u00e9rise par une grande r\u00e9sistance aux chocs et est largement utilis\u00e9 dans l&rsquo;industrie automobile pour les pi\u00e8ces de protection contre les chocs, comme les pare-chocs de voitures par exemple, et on le trouve \u00e9galement dans les casques de v\u00e9lo pour enfants. Le PP-E poss\u00e8de aussi de <strong>remarquables propri\u00e9t\u00e9s d&rsquo;isolation <\/strong>!<\/p>\n<p>Le PP-E n&rsquo;est pas un plastique \u00ab\u00a0\u00e0 usage unique\u00a0\u00bb : le mat\u00e9riau est<strong> enti\u00e8rement recyclable <\/strong>\u00a0et peut \u00eatre transform\u00e9 en de nouveaux produits. La HOTBIN se compose juste de 4 % de mati\u00e8res premi\u00e8res, et de 96 % d&rsquo;air, ce qui la rend extr\u00eamement \u00e9conome en ressources !<\/p>\n","protected":false},"excerpt":{"rendered":"<p><strong>Exp\u00e9dition :\u00a0 <\/strong>2-3 jours ouvrables<br \/>\n<strong>Mat\u00e9riau : <\/strong>PP-E Arpro\u00ae<br \/>\n<strong>Capacit\u00e9 :\u00a0 <\/strong>Environ 100 litres<br \/>\n<strong>Poids :\u00a0 <\/strong>4 kg (sans emballage)<br \/>\n<strong>Dimensions :\u00a0 <\/strong>115 x 45 x 45 cm<\/p>\n<p><strong>Exp\u00e9dition gratuite &amp; TVA incluse<\/strong><\/p>\n","protected":false},"featured_media":2475,"template":"","meta":{"_acf_changed":false,"footnotes":""},"product_brand":[],"product_cat":[71],"product_tag":[],"class_list":{"0":"post-1550","1":"product","2":"type-product","3":"status-publish","4":"has-post-thumbnail","6":"product_cat-hotbin-fr","8":"first","9":"outofstock","10":"sale","11":"taxable","12":"shipping-taxable","13":"purchasable","14":"product-type-simple","15":"customify-col","16":"product-has-gallery"},"acf":[],"_links":{"self":[{"href":"https:\/\/hotbin.ch\/fr\/wp-json\/wp\/v2\/product\/1550","targetHints":{"allow":["GET"]}}],"collection":[{"href":"https:\/\/hotbin.ch\/fr\/wp-json\/wp\/v2\/product"}],"about":[{"href":"https:\/\/hotbin.ch\/fr\/wp-json\/wp\/v2\/types\/product"}],"version-history":[{"count":4,"href":"https:\/\/hotbin.ch\/fr\/wp-json\/wp\/v2\/product\/1550\/revisions"}],"predecessor-version":[{"id":20895,"href":"https:\/\/hotbin.ch\/fr\/wp-json\/wp\/v2\/product\/1550\/revisions\/20895"}],"wp:featuredmedia":[{"embeddable":true,"href":"https:\/\/hotbin.ch\/fr\/wp-json\/wp\/v2\/media\/2475"}],"wp:attachment":[{"href":"https:\/\/hotbin.ch\/fr\/wp-json\/wp\/v2\/media?parent=1550"}],"wp:term":[{"taxonomy":"product_brand","embeddable":true,"href":"https:\/\/hotbin.ch\/fr\/wp-json\/wp\/v2\/product_brand?post=1550"},{"taxonomy":"product_cat","embeddable":true,"href":"https:\/\/hotbin.ch\/fr\/wp-json\/wp\/v2\/product_cat?post=1550"},{"taxonomy":"product_tag","embeddable":true,"href":"https:\/\/hotbin.ch\/fr\/wp-json\/wp\/v2\/product_tag?post=1550"}],"curies":[{"name":"wp","href":"https:\/\/api.w.org\/{rel}","templated":true}]}}