{"id":969,"date":"2019-12-09T14:55:29","date_gmt":"2019-12-09T13:55:29","guid":{"rendered":"https:\/\/hotbin.ch\/?page_id=969"},"modified":"2021-04-30T08:44:36","modified_gmt":"2021-04-30T06:44:36","slug":"lengrais-liquide","status":"publish","type":"page","link":"https:\/\/hotbin.ch\/fr\/lengrais-liquide\/","title":{"rendered":"L&rsquo;engrais liquide"},"content":{"rendered":"\t\t<div data-elementor-type=\"wp-post\" data-elementor-id=\"969\" class=\"elementor elementor-969 elementor-967\" data-elementor-post-type=\"page\">\n\t\t\t\t\t\t<section class=\"elementor-section elementor-top-section elementor-element elementor-element-23a8a73 elementor-section-height-min-height elementor-section-boxed elementor-section-height-default elementor-section-items-middle\" data-id=\"23a8a73\" data-element_type=\"section\" data-e-type=\"section\" data-settings=\"{&quot;background_background&quot;:&quot;classic&quot;}\">\n\t\t\t\t\t\t<div class=\"elementor-container elementor-column-gap-default\">\n\t\t\t\t\t<div class=\"elementor-column elementor-col-100 elementor-top-column elementor-element elementor-element-7fccf2a1\" data-id=\"7fccf2a1\" data-element_type=\"column\" data-e-type=\"column\">\n\t\t\t<div class=\"elementor-widget-wrap elementor-element-populated\">\n\t\t\t\t\t\t\t<\/div>\n\t\t<\/div>\n\t\t\t\t\t<\/div>\n\t\t<\/section>\n\t\t\t\t<section class=\"elementor-section elementor-top-section elementor-element elementor-element-39c7d378 elementor-section-boxed elementor-section-height-default elementor-section-height-default\" data-id=\"39c7d378\" data-element_type=\"section\" data-e-type=\"section\" data-settings=\"{&quot;background_background&quot;:&quot;classic&quot;}\">\n\t\t\t\t\t\t<div class=\"elementor-container elementor-column-gap-default\">\n\t\t\t\t\t<div class=\"elementor-column elementor-col-100 elementor-top-column elementor-element elementor-element-43db8a0d\" data-id=\"43db8a0d\" data-element_type=\"column\" data-e-type=\"column\">\n\t\t\t<div class=\"elementor-widget-wrap elementor-element-populated\">\n\t\t\t\t\t\t<div class=\"elementor-element elementor-element-56c49c17 elementor-widget elementor-widget-heading\" data-id=\"56c49c17\" data-element_type=\"widget\" data-e-type=\"widget\" data-widget_type=\"heading.default\">\n\t\t\t\t<div class=\"elementor-widget-container\">\n\t\t\t\t\t<h1 class=\"elementor-heading-title elementor-size-default\">L'engrais liquide<\/h1>\t\t\t\t<\/div>\n\t\t\t\t<\/div>\n\t\t\t\t\t<\/div>\n\t\t<\/div>\n\t\t\t\t\t<\/div>\n\t\t<\/section>\n\t\t\t\t<section class=\"elementor-section elementor-top-section elementor-element elementor-element-07fa642 elementor-section-height-min-height elementor-section-boxed elementor-section-height-default elementor-section-items-middle\" data-id=\"07fa642\" data-element_type=\"section\" data-e-type=\"section\">\n\t\t\t\t\t\t<div class=\"elementor-container elementor-column-gap-default\">\n\t\t\t\t\t<div class=\"elementor-column elementor-col-100 elementor-top-column elementor-element elementor-element-d00bf3e\" data-id=\"d00bf3e\" data-element_type=\"column\" data-e-type=\"column\">\n\t\t\t<div class=\"elementor-widget-wrap elementor-element-populated\">\n\t\t\t\t\t\t<div class=\"elementor-element elementor-element-5394b24 elementor-widget elementor-widget-text-editor\" data-id=\"5394b24\" data-element_type=\"widget\" data-e-type=\"widget\" data-widget_type=\"text-editor.default\">\n\t\t\t\t<div class=\"elementor-widget-container\">\n\t\t\t\t\t\t\t\t\t<p>L\u2019une des caract\u00e9ristiques les plus uniques de la HOTBIN est la production, dans le cadre du processus de compostage, d\u2019un merveilleux engrais liquide fertilisant.<\/p><p>Au cours du processus de compostage de la HOTBIN, de l\u2019eau se d\u00e9gage des d\u00e9chets alimentaires ou de jardin. Une partie de cette eau s\u2019\u00e9vapore par la valve du couvercle. Le liquide restant se fraie un chemin \u00e0 travers les d\u00e9chets verts (en absorbant, au passage, de pr\u00e9cieux nutriments) et se transforme en un engrais liquide fertilisant (\u00e9galement appel\u00e9 lixiviat par certains jardiniers) dans une cuve situ\u00e9e \u00e0 la base de la HOTBIN.<\/p>\t\t\t\t\t\t\t\t<\/div>\n\t\t\t\t<\/div>\n\t\t\t\t\t<\/div>\n\t\t<\/div>\n\t\t\t\t\t<\/div>\n\t\t<\/section>\n\t\t\t\t<section class=\"elementor-section elementor-top-section elementor-element elementor-element-6a86205 elementor-section-boxed elementor-section-height-default elementor-section-height-default\" data-id=\"6a86205\" data-element_type=\"section\" data-e-type=\"section\">\n\t\t\t\t\t\t<div class=\"elementor-container elementor-column-gap-default\">\n\t\t\t\t\t<div class=\"elementor-column elementor-col-33 elementor-top-column elementor-element elementor-element-b3f3106\" data-id=\"b3f3106\" data-element_type=\"column\" data-e-type=\"column\">\n\t\t\t<div class=\"elementor-widget-wrap elementor-element-populated\">\n\t\t\t\t\t\t<div class=\"elementor-element elementor-element-fecaf8c elementor-widget elementor-widget-image\" data-id=\"fecaf8c\" data-element_type=\"widget\" data-e-type=\"widget\" data-widget_type=\"image.default\">\n\t\t\t\t<div class=\"elementor-widget-container\">\n\t\t\t\t\t\t\t\t\t\t\t\t\t\t\t<img fetchpriority=\"high\" decoding=\"async\" width=\"278\" height=\"184\" src=\"https:\/\/hotbin.ch\/wp-content\/uploads\/2019\/12\/liquid.jpg\" class=\"attachment-large size-large wp-image-2677\" alt=\"\" \/>\t\t\t\t\t\t\t\t\t\t\t\t\t\t\t<\/div>\n\t\t\t\t<\/div>\n\t\t\t\t\t<\/div>\n\t\t<\/div>\n\t\t\t\t<div class=\"elementor-column elementor-col-66 elementor-top-column elementor-element elementor-element-f3e6242\" data-id=\"f3e6242\" data-element_type=\"column\" data-e-type=\"column\">\n\t\t\t<div class=\"elementor-widget-wrap elementor-element-populated\">\n\t\t\t\t\t\t<div class=\"elementor-element elementor-element-7fffc8b elementor-widget elementor-widget-text-editor\" data-id=\"7fffc8b\" data-element_type=\"widget\" data-e-type=\"widget\" data-widget_type=\"text-editor.default\">\n\t\t\t\t<div class=\"elementor-widget-container\">\n\t\t\t\t\t\t\t\t\t<p>La quantit\u00e9 de liquide g\u00e9n\u00e9r\u00e9e fluctue en fonction de la teneur en eau des d\u00e9chets recycl\u00e9s. Les l\u00e9gumes et l\u2019herbe ont une forte teneur en eau, tandis que les autres d\u00e9chets peuvent en contenir beaucoup moins.\u00a0<\/p><p>Il est bon de rappeler que 5L de d\u00e9chets alimentaires peuvent produire jusqu\u2019\u00e0 2L de liquide. Une v\u00e9rification, une r\u00e9cup\u00e9ration et une utilisation r\u00e9guli\u00e8res sont essentielles pour \u00e9viter tout d\u00e9bordement.<\/p><p>Par cons\u00e9quent, ind\u00e9pendamment du type de d\u00e9chets que vous recyclez, effectuez un contr\u00f4le hebdomadaire. Retirez l\u2019engrais liquide et utilisez-le. Il vous est possible de stocker cet engrais liquide pour l\u2019utiliser ult\u00e9rieurement. Veuillez noter que, sur une longue p\u00e9riode de temps, sa qualit\u00e9 faiblira.<\/p>\t\t\t\t\t\t\t\t<\/div>\n\t\t\t\t<\/div>\n\t\t\t\t\t<\/div>\n\t\t<\/div>\n\t\t\t\t\t<\/div>\n\t\t<\/section>\n\t\t\t\t<section class=\"elementor-section elementor-top-section elementor-element elementor-element-87e4f94 elementor-section-boxed elementor-section-height-default elementor-section-height-default\" data-id=\"87e4f94\" data-element_type=\"section\" data-e-type=\"section\">\n\t\t\t\t\t\t<div class=\"elementor-container elementor-column-gap-default\">\n\t\t\t\t\t<div class=\"elementor-column elementor-col-50 elementor-top-column elementor-element elementor-element-c180334\" data-id=\"c180334\" data-element_type=\"column\" data-e-type=\"column\">\n\t\t\t<div class=\"elementor-widget-wrap elementor-element-populated\">\n\t\t\t\t\t\t<div class=\"elementor-element elementor-element-6abcc50 elementor-widget elementor-widget-heading\" data-id=\"6abcc50\" data-element_type=\"widget\" data-e-type=\"widget\" data-widget_type=\"heading.default\">\n\t\t\t\t<div class=\"elementor-widget-container\">\n\t\t\t\t\t<h2 class=\"elementor-heading-title elementor-size-default\">R\u00e9cup\u00e9ration de l\u2019engrais liquide<\/h2>\t\t\t\t<\/div>\n\t\t\t\t<\/div>\n\t\t\t\t<div class=\"elementor-element elementor-element-93e50f3 elementor-widget elementor-widget-text-editor\" data-id=\"93e50f3\" data-element_type=\"widget\" data-e-type=\"widget\" data-widget_type=\"text-editor.default\">\n\t\t\t\t<div class=\"elementor-widget-container\">\n\t\t\t\t\t\t\t\t\t<p>L\u2019engrais liquide se forme naturellement \u00e0 la base de la HOTBIN. La cuve en question est facilement accessible en retirant le capuchon bleu situ\u00e9 en bas \u00e0 droite. Le liquide se d\u00e9versera naturellement (Soyez donc pr\u00eats \u00e0 le r\u00e9cup\u00e9rer) et pourra ensuite \u00eatre transvas\u00e9 dans un r\u00e9cipient peu profond, pr\u00eat \u00e0 \u00eatre utilis\u00e9.<\/p><p>Pour faciliter ce processus, de nombreux utilisateurs pr\u00e9f\u00e8rent installer leur HOTBIN sur une plateforme solide, ferme et plane afin de pouvoir facilement acc\u00e9der \u00e0 ce robinet lorsqu\u2019ils le souhaitent. Certains utilisent des briques, d\u2019autres des palettes, ou m\u00eame une marche. Du moment que la HOTBIN est stable, le choix vous appartient.<\/p><h4><strong>Comment utiliser l\u2019engrais liquide produit par la HOTBIN<\/strong><\/h4><p>Le liquide produit par la HOTBIN ne pr\u00e9sente pas une valeur NKP (azote, potassium, phosphore) \u00e9lev\u00e9e et peut donc \u00eatre utilis\u00e9 en guise d\u2019engrais. Le liquide brun inodore sera principalement compos\u00e9 d\u2019acide fulvique et d\u2019acide humique. Tous deux am\u00e9liorent l\u2019absorption des min\u00e9raux et peuvent stimuler la croissance des plantes.\u00a0\u00a0<\/p><p>Comme pour tout engrais liquide, il est n\u00e9cessaire de diluer l\u2019engrais liquide HOTBIN. Diluez toujours dans un rapport 1:10 (1 volume d\u2019engrais liquide pour 10 volumes d\u2019eau). Remuez soigneusement puis utilisez l\u2019engrais pour vos plantes, l\u00e9gumes, arbustes et arbres chaque semaine. <\/p>\t\t\t\t\t\t\t\t<\/div>\n\t\t\t\t<\/div>\n\t\t\t\t\t<\/div>\n\t\t<\/div>\n\t\t\t\t<div class=\"elementor-column elementor-col-50 elementor-top-column elementor-element elementor-element-5769e46\" data-id=\"5769e46\" data-element_type=\"column\" data-e-type=\"column\">\n\t\t\t<div class=\"elementor-widget-wrap elementor-element-populated\">\n\t\t\t\t\t\t<div class=\"elementor-element elementor-element-f02490d elementor-widget elementor-widget-image\" data-id=\"f02490d\" data-element_type=\"widget\" data-e-type=\"widget\" data-widget_type=\"image.default\">\n\t\t\t\t<div class=\"elementor-widget-container\">\n\t\t\t\t\t\t\t\t\t\t\t\t\t\t\t<img decoding=\"async\" width=\"768\" height=\"1024\" src=\"https:\/\/hotbin.ch\/wp-content\/uploads\/2021\/04\/Liquid-Fertiliser-2-2.jpg\" class=\"attachment-large size-large wp-image-18593\" alt=\"Engrais liquide\" srcset=\"https:\/\/hotbin.ch\/wp-content\/uploads\/2021\/04\/Liquid-Fertiliser-2-2.jpg 768w, https:\/\/hotbin.ch\/wp-content\/uploads\/2021\/04\/Liquid-Fertiliser-2-2-600x800.jpg 600w, https:\/\/hotbin.ch\/wp-content\/uploads\/2021\/04\/Liquid-Fertiliser-2-2-225x300.jpg 225w\" sizes=\"(max-width: 768px) 100vw, 768px\" \/>\t\t\t\t\t\t\t\t\t\t\t\t\t\t\t<\/div>\n\t\t\t\t<\/div>\n\t\t\t\t\t<\/div>\n\t\t<\/div>\n\t\t\t\t\t<\/div>\n\t\t<\/section>\n\t\t\t\t<section class=\"elementor-section elementor-top-section elementor-element elementor-element-2e251e8 elementor-section-boxed elementor-section-height-default elementor-section-height-default\" data-id=\"2e251e8\" data-element_type=\"section\" data-e-type=\"section\">\n\t\t\t\t\t\t<div class=\"elementor-container elementor-column-gap-default\">\n\t\t\t\t\t<div class=\"elementor-column elementor-col-50 elementor-top-column elementor-element elementor-element-c1a07e4\" data-id=\"c1a07e4\" data-element_type=\"column\" data-e-type=\"column\">\n\t\t\t<div class=\"elementor-widget-wrap elementor-element-populated\">\n\t\t\t\t\t\t<div class=\"elementor-element elementor-element-ca9f00d elementor-widget elementor-widget-image\" data-id=\"ca9f00d\" data-element_type=\"widget\" data-e-type=\"widget\" data-widget_type=\"image.default\">\n\t\t\t\t<div class=\"elementor-widget-container\">\n\t\t\t\t\t\t\t\t\t\t\t\t\t\t\t<img decoding=\"async\" width=\"843\" height=\"680\" src=\"https:\/\/hotbin.ch\/wp-content\/uploads\/2021\/04\/Liquid-Fertiliser-1-2-1024x826.jpg\" class=\"attachment-large size-large wp-image-18592\" alt=\"Engrais liquide\" srcset=\"https:\/\/hotbin.ch\/wp-content\/uploads\/2021\/04\/Liquid-Fertiliser-1-2-1024x826.jpg 1024w, https:\/\/hotbin.ch\/wp-content\/uploads\/2021\/04\/Liquid-Fertiliser-1-2-600x484.jpg 600w, https:\/\/hotbin.ch\/wp-content\/uploads\/2021\/04\/Liquid-Fertiliser-1-2-300x242.jpg 300w, https:\/\/hotbin.ch\/wp-content\/uploads\/2021\/04\/Liquid-Fertiliser-1-2-768x620.jpg 768w, https:\/\/hotbin.ch\/wp-content\/uploads\/2021\/04\/Liquid-Fertiliser-1-2.jpg 1439w\" sizes=\"(max-width: 843px) 100vw, 843px\" \/>\t\t\t\t\t\t\t\t\t\t\t\t\t\t\t<\/div>\n\t\t\t\t<\/div>\n\t\t\t\t\t<\/div>\n\t\t<\/div>\n\t\t\t\t<div class=\"elementor-column elementor-col-50 elementor-top-column elementor-element elementor-element-b4cc1ce\" data-id=\"b4cc1ce\" data-element_type=\"column\" data-e-type=\"column\">\n\t\t\t<div class=\"elementor-widget-wrap elementor-element-populated\">\n\t\t\t\t\t\t<div class=\"elementor-element elementor-element-2be3d4f elementor-widget elementor-widget-heading\" data-id=\"2be3d4f\" data-element_type=\"widget\" data-e-type=\"widget\" data-widget_type=\"heading.default\">\n\t\t\t\t<div class=\"elementor-widget-container\">\n\t\t\t\t\t<h2 class=\"elementor-heading-title elementor-size-default\">Quels doivent \u00eatre l\u2019aspect et l\u2019odeur de l\u2019engrais liquide ?<\/h2>\t\t\t\t<\/div>\n\t\t\t\t<\/div>\n\t\t\t\t<div class=\"elementor-element elementor-element-be573b4 elementor-widget elementor-widget-text-editor\" data-id=\"be573b4\" data-element_type=\"widget\" data-e-type=\"widget\" data-widget_type=\"text-editor.default\">\n\t\t\t\t<div class=\"elementor-widget-container\">\n\t\t\t\t\t\t\t\t\t<p>Dans l\u2019id\u00e9al, l\u2019engrais liquide devrait \u00eatre de couleur brune et inodore. Si sa couleur est beaucoup plus claire, il vous faudra peut-\u00eatre ajouter plus de papier\/carton d\u00e9chiquet\u00e9 ainsi qu\u2019une bonne poign\u00e9e de copeaux de bois pour y rem\u00e9dier. Il s\u2019agit d\u2019une chose facile \u00e0 rectifier et \u00e0 \u00e9quilibrer. Cependant, tant que la couleur ne sera pas brune, n\u2019utilisez pas le liquide car cela risquerait de faire plus de mal que de bien.<\/p>\t\t\t\t\t\t\t\t<\/div>\n\t\t\t\t<\/div>\n\t\t\t\t\t<\/div>\n\t\t<\/div>\n\t\t\t\t\t<\/div>\n\t\t<\/section>\n\t\t\t\t<\/div>\n\t\t","protected":false},"excerpt":{"rendered":"<p>L&rsquo;engrais liquide L\u2019une des caract\u00e9ristiques les plus uniques de la HOTBIN est la production, dans le cadre du processus de compostage, d\u2019un merveilleux engrais liquide&hellip;<\/p>\n","protected":false},"author":7,"featured_media":0,"parent":0,"menu_order":0,"comment_status":"closed","ping_status":"closed","template":"","meta":{"_acf_changed":false,"footnotes":""},"class_list":["post-969","page","type-page","status-publish","hentry"],"acf":[],"_links":{"self":[{"href":"https:\/\/hotbin.ch\/fr\/wp-json\/wp\/v2\/pages\/969","targetHints":{"allow":["GET"]}}],"collection":[{"href":"https:\/\/hotbin.ch\/fr\/wp-json\/wp\/v2\/pages"}],"about":[{"href":"https:\/\/hotbin.ch\/fr\/wp-json\/wp\/v2\/types\/page"}],"author":[{"embeddable":true,"href":"https:\/\/hotbin.ch\/fr\/wp-json\/wp\/v2\/users\/7"}],"replies":[{"embeddable":true,"href":"https:\/\/hotbin.ch\/fr\/wp-json\/wp\/v2\/comments?post=969"}],"version-history":[{"count":17,"href":"https:\/\/hotbin.ch\/fr\/wp-json\/wp\/v2\/pages\/969\/revisions"}],"predecessor-version":[{"id":18596,"href":"https:\/\/hotbin.ch\/fr\/wp-json\/wp\/v2\/pages\/969\/revisions\/18596"}],"wp:attachment":[{"href":"https:\/\/hotbin.ch\/fr\/wp-json\/wp\/v2\/media?parent=969"}],"curies":[{"name":"wp","href":"https:\/\/api.w.org\/{rel}","templated":true}]}}