{"id":966,"date":"2019-12-09T14:55:33","date_gmt":"2019-12-09T13:55:33","guid":{"rendered":"https:\/\/hotbin.ch\/?page_id=966"},"modified":"2020-12-16T19:34:47","modified_gmt":"2020-12-16T18:34:47","slug":"top-conseils","status":"publish","type":"page","link":"https:\/\/hotbin.ch\/fr\/top-conseils\/","title":{"rendered":"Top Conseils"},"content":{"rendered":"\t\t<div data-elementor-type=\"wp-post\" data-elementor-id=\"966\" class=\"elementor elementor-966 elementor-964\" data-elementor-post-type=\"page\">\n\t\t\t\t\t\t<section class=\"elementor-section elementor-top-section elementor-element elementor-element-23a8a73 elementor-section-height-min-height elementor-section-boxed elementor-section-height-default elementor-section-items-middle\" data-id=\"23a8a73\" data-element_type=\"section\" data-e-type=\"section\" data-settings=\"{&quot;background_background&quot;:&quot;classic&quot;}\">\n\t\t\t\t\t\t<div class=\"elementor-container elementor-column-gap-default\">\n\t\t\t\t\t<div class=\"elementor-column elementor-col-100 elementor-top-column elementor-element elementor-element-7fccf2a1\" data-id=\"7fccf2a1\" data-element_type=\"column\" data-e-type=\"column\">\n\t\t\t<div class=\"elementor-widget-wrap elementor-element-populated\">\n\t\t\t\t\t\t\t<\/div>\n\t\t<\/div>\n\t\t\t\t\t<\/div>\n\t\t<\/section>\n\t\t\t\t<section class=\"elementor-section elementor-top-section elementor-element elementor-element-121e5c36 elementor-section-boxed elementor-section-height-default elementor-section-height-default\" data-id=\"121e5c36\" data-element_type=\"section\" data-e-type=\"section\" data-settings=\"{&quot;background_background&quot;:&quot;classic&quot;}\">\n\t\t\t\t\t\t<div class=\"elementor-container elementor-column-gap-default\">\n\t\t\t\t\t<div class=\"elementor-column elementor-col-100 elementor-top-column elementor-element elementor-element-78175a8f\" data-id=\"78175a8f\" data-element_type=\"column\" data-e-type=\"column\">\n\t\t\t<div class=\"elementor-widget-wrap elementor-element-populated\">\n\t\t\t\t\t\t<div class=\"elementor-element elementor-element-78e288d5 elementor-widget elementor-widget-heading\" data-id=\"78e288d5\" data-element_type=\"widget\" data-e-type=\"widget\" data-widget_type=\"heading.default\">\n\t\t\t\t<div class=\"elementor-widget-container\">\n\t\t\t\t\t<h1 class=\"elementor-heading-title elementor-size-default\">Principaux conseils<\/h1>\t\t\t\t<\/div>\n\t\t\t\t<\/div>\n\t\t\t\t\t<\/div>\n\t\t<\/div>\n\t\t\t\t\t<\/div>\n\t\t<\/section>\n\t\t\t\t<section class=\"elementor-section elementor-top-section elementor-element elementor-element-f3274e7 elementor-section-boxed elementor-section-height-default elementor-section-height-default\" data-id=\"f3274e7\" data-element_type=\"section\" data-e-type=\"section\">\n\t\t\t\t\t\t<div class=\"elementor-container elementor-column-gap-default\">\n\t\t\t\t\t<div class=\"elementor-column elementor-col-50 elementor-top-column elementor-element elementor-element-ac328f6\" data-id=\"ac328f6\" data-element_type=\"column\" data-e-type=\"column\">\n\t\t\t<div class=\"elementor-widget-wrap elementor-element-populated\">\n\t\t\t\t\t\t<div class=\"elementor-element elementor-element-c81448b elementor-widget elementor-widget-heading\" data-id=\"c81448b\" data-element_type=\"widget\" data-e-type=\"widget\" data-widget_type=\"heading.default\">\n\t\t\t\t<div class=\"elementor-widget-container\">\n\t\t\t\t\t<h2 class=\"elementor-heading-title elementor-size-default\">\u00c0 faire<\/h2>\t\t\t\t<\/div>\n\t\t\t\t<\/div>\n\t\t\t\t<div class=\"elementor-element elementor-element-4d5e227 elementor-widget elementor-widget-text-editor\" data-id=\"4d5e227\" data-element_type=\"widget\" data-e-type=\"widget\" data-widget_type=\"text-editor.default\">\n\t\t\t\t<div class=\"elementor-widget-container\">\n\t\t\t\t\t\t\t\t\t<ul><li>continuez \u00e0 la nourrir : elle aime \u00eatre nourrie. Hacher les d\u00e9chets pour acc\u00e9l\u00e9rer la d\u00e9composition.<\/li><li>l&rsquo;alimenter d&rsquo;agent gonflant et de papier avec tous les d\u00e9chets d&rsquo;alimentation<\/li><li>d\u00e9chirer le papier en bandes<\/li><li>remuer la couche sup\u00e9rieure de temps en temps\u00a0<\/li><li>gardez un <span lang=\"EN\">\u0153il<\/span> dessus : v\u00e9rifiez la temp\u00e9rature (en utilisant les deux thermom\u00e8tres) et utilisez la bouteille Kick Start si n\u00e9cessaire.\u00a0<\/li><li>enlever l&rsquo;engrais liquide toutes les deux semaines<\/li><li>Gardez la HOTBIN propre : essuyez le couvercle, l&rsquo;\u00e9coutille et les bords de la porte en \u00e9liminant toute pi\u00e8ce d\u00e9tach\u00e9e qui pourrait cr\u00e9er un joint imparfait.<\/li><li>Garder la valve exempte de salet\u00e9 et de neige<\/li><li>V\u00e9rifier p\u00e9riodiquement que l&rsquo;entr\u00e9e d&rsquo;air n&rsquo;est pas obstru\u00e9e par la terre, la neige, les conteneurs, etc. Faites attention en cas de fortes temp\u00eates de neige. Les gaz chauds qui sortent du bac font fondre la neige l\u00e9g\u00e8re, mais dans la neige profonde (&gt;10 cm), la valve peut se couvrir ; de la glace peut se former et bloquer le flux d&rsquo;air. Brosser la neige, si de la glace se forme, la faire fondre \u00e0 l&rsquo;eau chaude.<\/li><li><span lang=\"EN\">Toujours la nettoyer. Gardez la HOTBIN propre<\/span>, assurez-vous\u00a0 qu&rsquo;aucun reste de nourriture n&rsquo;est laiss\u00e9 autour de la base ou de la zone environnante. Essuyez le couvercle, la trappe et les bords du couvercle en \u00e9liminant toutes mati\u00e8res qui pourraient obstruer la fermeture. Cela aidera \u00e0 contenir les odeurs qui peuvent attirer la vermine.<\/li><\/ul>\t\t\t\t\t\t\t\t<\/div>\n\t\t\t\t<\/div>\n\t\t\t\t\t<\/div>\n\t\t<\/div>\n\t\t\t\t<div class=\"elementor-column elementor-col-50 elementor-top-column elementor-element elementor-element-6596022\" data-id=\"6596022\" data-element_type=\"column\" data-e-type=\"column\">\n\t\t\t<div class=\"elementor-widget-wrap elementor-element-populated\">\n\t\t\t\t\t\t<div class=\"elementor-element elementor-element-cdb55c8 elementor-widget elementor-widget-heading\" data-id=\"cdb55c8\" data-element_type=\"widget\" data-e-type=\"widget\" data-widget_type=\"heading.default\">\n\t\t\t\t<div class=\"elementor-widget-container\">\n\t\t\t\t\t<h2 class=\"elementor-heading-title elementor-size-default\">\u00c0 ne pas faire<\/h2>\t\t\t\t<\/div>\n\t\t\t\t<\/div>\n\t\t\t\t<div class=\"elementor-element elementor-element-631b37e elementor-widget elementor-widget-text-editor\" data-id=\"631b37e\" data-element_type=\"widget\" data-e-type=\"widget\" data-widget_type=\"text-editor.default\">\n\t\t\t\t<div class=\"elementor-widget-container\">\n\t\t\t\t\t\t\t\t\t<ul><li>mettre des sacs biod\u00e9gradables pleins \u00e0 l&rsquo;int\u00e9rieur, les ouvrir et les couper en morceaux\u00a0<\/li><li>mettre les aliments cuits ou les os avant que la temp\u00e9rature n&rsquo;atteigne entre 40 et 60 degr\u00e9s<\/li><li>utiliser des outils pour enlever l&rsquo;\u00e9coutille ou forcer le couvercle vers l&rsquo;arri\u00e8re<\/li><li>retirer la plaque de fixation du couvercle, la soupape d&rsquo;a\u00e9ration ou le bio-filtre interne<\/li><li>ajouter du liquide suppl\u00e9mentaire<\/li><\/ul>\t\t\t\t\t\t\t\t<\/div>\n\t\t\t\t<\/div>\n\t\t\t\t\t<\/div>\n\t\t<\/div>\n\t\t\t\t\t<\/div>\n\t\t<\/section>\n\t\t\t\t<\/div>\n\t\t","protected":false},"excerpt":{"rendered":"<p>Principaux conseils \u00c0 faire continuez \u00e0 la nourrir : elle aime \u00eatre nourrie. Hacher les d\u00e9chets pour acc\u00e9l\u00e9rer la d\u00e9composition. l&rsquo;alimenter d&rsquo;agent gonflant et de&hellip;<\/p>\n","protected":false},"author":7,"featured_media":0,"parent":0,"menu_order":0,"comment_status":"closed","ping_status":"closed","template":"","meta":{"_acf_changed":false,"footnotes":""},"class_list":["post-966","page","type-page","status-publish","hentry"],"acf":[],"_links":{"self":[{"href":"https:\/\/hotbin.ch\/fr\/wp-json\/wp\/v2\/pages\/966","targetHints":{"allow":["GET"]}}],"collection":[{"href":"https:\/\/hotbin.ch\/fr\/wp-json\/wp\/v2\/pages"}],"about":[{"href":"https:\/\/hotbin.ch\/fr\/wp-json\/wp\/v2\/types\/page"}],"author":[{"embeddable":true,"href":"https:\/\/hotbin.ch\/fr\/wp-json\/wp\/v2\/users\/7"}],"replies":[{"embeddable":true,"href":"https:\/\/hotbin.ch\/fr\/wp-json\/wp\/v2\/comments?post=966"}],"version-history":[{"count":16,"href":"https:\/\/hotbin.ch\/fr\/wp-json\/wp\/v2\/pages\/966\/revisions"}],"predecessor-version":[{"id":17615,"href":"https:\/\/hotbin.ch\/fr\/wp-json\/wp\/v2\/pages\/966\/revisions\/17615"}],"wp:attachment":[{"href":"https:\/\/hotbin.ch\/fr\/wp-json\/wp\/v2\/media?parent=966"}],"curies":[{"name":"wp","href":"https:\/\/api.w.org\/{rel}","templated":true}]}}