{"id":958,"date":"2019-12-09T14:55:26","date_gmt":"2019-12-09T13:55:26","guid":{"rendered":"https:\/\/hotbin.ch\/?page_id=958"},"modified":"2020-12-17T10:19:14","modified_gmt":"2020-12-17T09:19:14","slug":"bouteille-kick-start","status":"publish","type":"page","link":"https:\/\/hotbin.ch\/fr\/bouteille-kick-start\/","title":{"rendered":"La bouteille kick-start"},"content":{"rendered":"\t\t<div data-elementor-type=\"wp-post\" data-elementor-id=\"958\" class=\"elementor elementor-958 elementor-956\" data-elementor-post-type=\"page\">\n\t\t\t\t\t\t<section class=\"elementor-section elementor-top-section elementor-element elementor-element-23a8a73 elementor-section-height-min-height elementor-section-boxed elementor-section-height-default elementor-section-items-middle\" data-id=\"23a8a73\" data-element_type=\"section\" data-e-type=\"section\" data-settings=\"{&quot;background_background&quot;:&quot;classic&quot;}\">\n\t\t\t\t\t\t<div class=\"elementor-container elementor-column-gap-default\">\n\t\t\t\t\t<div class=\"elementor-column elementor-col-100 elementor-top-column elementor-element elementor-element-7fccf2a1\" data-id=\"7fccf2a1\" data-element_type=\"column\" data-e-type=\"column\">\n\t\t\t<div class=\"elementor-widget-wrap elementor-element-populated\">\n\t\t\t\t\t\t\t<\/div>\n\t\t<\/div>\n\t\t\t\t\t<\/div>\n\t\t<\/section>\n\t\t\t\t<section class=\"elementor-section elementor-top-section elementor-element elementor-element-9299fa8 elementor-section-boxed elementor-section-height-default elementor-section-height-default\" data-id=\"9299fa8\" data-element_type=\"section\" data-e-type=\"section\" data-settings=\"{&quot;background_background&quot;:&quot;classic&quot;}\">\n\t\t\t\t\t\t<div class=\"elementor-container elementor-column-gap-default\">\n\t\t\t\t\t<div class=\"elementor-column elementor-col-100 elementor-top-column elementor-element elementor-element-71580390\" data-id=\"71580390\" data-element_type=\"column\" data-e-type=\"column\">\n\t\t\t<div class=\"elementor-widget-wrap elementor-element-populated\">\n\t\t\t\t\t\t<div class=\"elementor-element elementor-element-16f19666 elementor-widget elementor-widget-heading\" data-id=\"16f19666\" data-element_type=\"widget\" data-e-type=\"widget\" data-widget_type=\"heading.default\">\n\t\t\t\t<div class=\"elementor-widget-container\">\n\t\t\t\t\t<h1 class=\"elementor-heading-title elementor-size-default\">La bouteille kick-start<\/h1>\t\t\t\t<\/div>\n\t\t\t\t<\/div>\n\t\t\t\t\t<\/div>\n\t\t<\/div>\n\t\t\t\t\t<\/div>\n\t\t<\/section>\n\t\t\t\t<section class=\"elementor-section elementor-top-section elementor-element elementor-element-4183f09 elementor-section-height-min-height elementor-section-boxed elementor-section-height-default elementor-section-items-middle\" data-id=\"4183f09\" data-element_type=\"section\" data-e-type=\"section\">\n\t\t\t\t\t\t<div class=\"elementor-container elementor-column-gap-default\">\n\t\t\t\t\t<div class=\"elementor-column elementor-col-100 elementor-top-column elementor-element elementor-element-ff8cfc2\" data-id=\"ff8cfc2\" data-element_type=\"column\" data-e-type=\"column\">\n\t\t\t<div class=\"elementor-widget-wrap elementor-element-populated\">\n\t\t\t\t\t\t<div class=\"elementor-element elementor-element-387e890 elementor-widget elementor-widget-heading\" data-id=\"387e890\" data-element_type=\"widget\" data-e-type=\"widget\" data-widget_type=\"heading.default\">\n\t\t\t\t<div class=\"elementor-widget-container\">\n\t\t\t\t\t<h2 class=\"elementor-heading-title elementor-size-default\">Pourquoi a-t-on besoin de la bouteille kick-start ?<\/h2>\t\t\t\t<\/div>\n\t\t\t\t<\/div>\n\t\t\t\t<div class=\"elementor-element elementor-element-d53ef22 elementor-widget elementor-widget-text-editor\" data-id=\"d53ef22\" data-element_type=\"widget\" data-e-type=\"widget\" data-widget_type=\"text-editor.default\">\n\t\t\t\t<div class=\"elementor-widget-container\">\n\t\t\t\t\t\t\t\t\t<p>Si votre thermom\u00e8tre de couvercle indique une temp\u00e9rature inf\u00e9rieure \u00e0 15\u00b0c malgr\u00e9 l&rsquo;ajout r\u00e9gulier de d\u00e9chets, il se peut que les bact\u00e9ries de compostage dans votre HOTBIN soient devenues dormantes. C&rsquo;est g\u00e9n\u00e9ralement le cas dans l&rsquo;une des deux situations suivantes :<\/p><ul><li>lorsque vous commencez \u00e0 utiliser votre HOTBIN pendant l&rsquo;hiver ou<\/li><li>lorsque vous continuez \u00e0 l&rsquo;utiliser apr\u00e8s des vacances ou une pause o\u00f9 la HOTBIN n&rsquo;a pas \u00e9t\u00e9 aliment\u00e9 depuis un certain temps.<\/li><\/ul><p>Dans ces cas-l\u00e0, vous devrez peut-\u00eatre utiliser la bouteille de d\u00e9marrage pour cr\u00e9er un coup de fouet thermique (comme une bouillotte d&rsquo;eau chaude) pour les bact\u00e9ries, ce qui les r\u00e9veillera et les encouragera \u00e0 dig\u00e9rer \u00e0 nouveau les d\u00e9chets.<\/p>\t\t\t\t\t\t\t\t<\/div>\n\t\t\t\t<\/div>\n\t\t\t\t\t<\/div>\n\t\t<\/div>\n\t\t\t\t\t<\/div>\n\t\t<\/section>\n\t\t\t\t<section class=\"elementor-section elementor-top-section elementor-element elementor-element-df97395 elementor-section-height-min-height elementor-section-boxed elementor-section-height-default elementor-section-items-middle\" data-id=\"df97395\" data-element_type=\"section\" data-e-type=\"section\">\n\t\t\t\t\t\t<div class=\"elementor-container elementor-column-gap-default\">\n\t\t\t\t\t<div class=\"elementor-column elementor-col-50 elementor-top-column elementor-element elementor-element-653ebef\" data-id=\"653ebef\" data-element_type=\"column\" data-e-type=\"column\">\n\t\t\t<div class=\"elementor-widget-wrap elementor-element-populated\">\n\t\t\t\t\t\t<div class=\"elementor-element elementor-element-204847d elementor-widget elementor-widget-heading\" data-id=\"204847d\" data-element_type=\"widget\" data-e-type=\"widget\" data-widget_type=\"heading.default\">\n\t\t\t\t<div class=\"elementor-widget-container\">\n\t\t\t\t\t<h2 class=\"elementor-heading-title elementor-size-default\">Instructions d'utilisation de la bouteille kick-start<\/h2>\t\t\t\t<\/div>\n\t\t\t\t<\/div>\n\t\t\t\t<div class=\"elementor-element elementor-element-6907fa5 elementor-widget elementor-widget-text-editor\" data-id=\"6907fa5\" data-element_type=\"widget\" data-e-type=\"widget\" data-widget_type=\"text-editor.default\">\n\t\t\t\t<div class=\"elementor-widget-container\">\n\t\t\t\t\t\t\t\t\t<ol><li>Remplissez soigneusement la bouteille d&rsquo;eau bouillante et remettez le couvercle herm\u00e9tiquement en place.<\/li><li>Faites un espace dans la couche sup\u00e9rieure des d\u00e9chets et placez la bouteille \u00e0 l&rsquo;int\u00e9rieur du rev\u00eatement HOTBIN avec des d\u00e9chets frais et faciles \u00e0 dig\u00e9rer.<\/li><li>Fermez le couvercle et laisser reposer 24 heures sans ouvrir.<\/li><li>V\u00e9rifiez que le thermom\u00e8tre du couvercle est au-dessus de 15\u00b0c apr\u00e8s 24 heures, sinon r\u00e9p\u00e9tez l&rsquo;op\u00e9ration une fois de plus.<\/li><\/ol><p>En cons\u00e9quence, vous devriez voir une augmentation de la temp\u00e9rature qui devrait \u00eatre maintenue tant que les d\u00e9chets sont ajout\u00e9s r\u00e9guli\u00e8rement avec du papier\/carton d\u00e9chiquet\u00e9 et de l&rsquo;agent de charge.<\/p>\t\t\t\t\t\t\t\t<\/div>\n\t\t\t\t<\/div>\n\t\t\t\t\t<\/div>\n\t\t<\/div>\n\t\t\t\t<div class=\"elementor-column elementor-col-50 elementor-top-column elementor-element elementor-element-5e9ef1e\" data-id=\"5e9ef1e\" data-element_type=\"column\" data-e-type=\"column\">\n\t\t\t<div class=\"elementor-widget-wrap elementor-element-populated\">\n\t\t\t\t\t\t<div class=\"elementor-element elementor-element-1efa113 elementor-widget elementor-widget-heading\" data-id=\"1efa113\" data-element_type=\"widget\" data-e-type=\"widget\" data-widget_type=\"heading.default\">\n\t\t\t\t<div class=\"elementor-widget-container\">\n\t\t\t\t\t<h2 class=\"elementor-heading-title elementor-size-default\">Que faire si la temp\u00e9rature est sup\u00e9rieure \u00e0 15\u00b0c ?<\/h2>\t\t\t\t<\/div>\n\t\t\t\t<\/div>\n\t\t\t\t<div class=\"elementor-element elementor-element-fb17eb7 elementor-widget elementor-widget-text-editor\" data-id=\"fb17eb7\" data-element_type=\"widget\" data-e-type=\"widget\" data-widget_type=\"text-editor.default\">\n\t\t\t\t<div class=\"elementor-widget-container\">\n\t\t\t\t\t\t\t\t\t<p>Si le thermom\u00e8tre du couvercle indique plus de 15\u00b0c, les bact\u00e9ries seront d\u00e9j\u00e0 actives et l&rsquo;utilisation de la bouteille de d\u00e9marrage n&rsquo;aura que tr\u00e8s peu d&rsquo;effet. Dans ce cas, nous vous recommandons d&rsquo;ajouter r\u00e9guli\u00e8rement des d\u00e9chets frais au HOTBIN pour atteindre et maintenir les temp\u00e9ratures de compostage \u00e0 chaud.<\/p>\t\t\t\t\t\t\t\t<\/div>\n\t\t\t\t<\/div>\n\t\t\t\t\t<\/div>\n\t\t<\/div>\n\t\t\t\t\t<\/div>\n\t\t<\/section>\n\t\t\t\t<section class=\"elementor-section elementor-top-section elementor-element elementor-element-1530f37 elementor-section-height-min-height elementor-section-boxed elementor-section-height-default elementor-section-items-middle\" data-id=\"1530f37\" data-element_type=\"section\" data-e-type=\"section\">\n\t\t\t\t\t\t<div class=\"elementor-container elementor-column-gap-default\">\n\t\t\t\t\t<div class=\"elementor-column elementor-col-100 elementor-top-column elementor-element elementor-element-c5ed285\" data-id=\"c5ed285\" data-element_type=\"column\" data-e-type=\"column\">\n\t\t\t<div class=\"elementor-widget-wrap elementor-element-populated\">\n\t\t\t\t\t\t<div class=\"elementor-element elementor-element-b55bc0c elementor-widget elementor-widget-heading\" data-id=\"b55bc0c\" data-element_type=\"widget\" data-e-type=\"widget\" data-widget_type=\"heading.default\">\n\t\t\t\t<div class=\"elementor-widget-container\">\n\t\t\t\t\t<h2 class=\"elementor-heading-title elementor-size-default\">L'eau chaude peut-elle \u00eatre ajout\u00e9e directement dans le bac ?<\/h2>\t\t\t\t<\/div>\n\t\t\t\t<\/div>\n\t\t\t\t<section class=\"elementor-section elementor-inner-section elementor-element elementor-element-cbbdd3c elementor-section-boxed elementor-section-height-default elementor-section-height-default\" data-id=\"cbbdd3c\" data-element_type=\"section\" data-e-type=\"section\">\n\t\t\t\t\t\t<div class=\"elementor-container elementor-column-gap-default\">\n\t\t\t\t\t<div class=\"elementor-column elementor-col-66 elementor-inner-column elementor-element elementor-element-cc0a574\" data-id=\"cc0a574\" data-element_type=\"column\" data-e-type=\"column\">\n\t\t\t<div class=\"elementor-widget-wrap elementor-element-populated\">\n\t\t\t\t\t\t<div class=\"elementor-element elementor-element-f3b9750 elementor-widget elementor-widget-text-editor\" data-id=\"f3b9750\" data-element_type=\"widget\" data-e-type=\"widget\" data-widget_type=\"text-editor.default\">\n\t\t\t\t<div class=\"elementor-widget-container\">\n\t\t\t\t\t\t\t\t\t<p>Ne versez pas d&rsquo;eau bouillante directement dans le tas &#8211; l&rsquo;eau se refroidira simplement sans laisser d&rsquo;\u00e9nergie pour \u00e9vaporer l&rsquo;eau suppl\u00e9mentaire et son contenu dans un \u00e9tat trop humide.<\/p><p><span style=\"color: red;\"><b>Avertissement:<\/b><\/span> Une fois pleine, la bouteille est extr\u00eamement chaude, portez des gants et manipulez-la avec pr\u00e9caution. La bouteille de kick start fournie avec la HOTBIN est fabriqu\u00e9e en poly\u00e9thyl\u00e8ne haute densit\u00e9 (HDPE). Ce mat\u00e9riau a \u00e9t\u00e9 choisi pour r\u00e9sister aux temp\u00e9ratures d&rsquo;\u00e9bullition de l&rsquo;eau vers\u00e9e \u00e0 l&rsquo;int\u00e9rieur et n&rsquo;est pas identique aux bouteilles de boissons gazeuses (PET) ou de lait (LDPE).<\/p><p><span style=\"color: red;\"><b>NE PAS<\/b><\/span> remplacer par une bouteille qui n&rsquo;est pas en PEHD et qui risque de se d\u00e9former ou de se briser en causant des blessures \u00e0 l&rsquo;utilisateur.<\/p>\t\t\t\t\t\t\t\t<\/div>\n\t\t\t\t<\/div>\n\t\t\t\t\t<\/div>\n\t\t<\/div>\n\t\t\t\t<div class=\"elementor-column elementor-col-33 elementor-inner-column elementor-element elementor-element-02430c0\" data-id=\"02430c0\" data-element_type=\"column\" data-e-type=\"column\">\n\t\t\t<div class=\"elementor-widget-wrap elementor-element-populated\">\n\t\t\t\t\t\t<div class=\"elementor-element elementor-element-ded40ee elementor-widget elementor-widget-image\" data-id=\"ded40ee\" data-element_type=\"widget\" data-e-type=\"widget\" data-widget_type=\"image.default\">\n\t\t\t\t<div class=\"elementor-widget-container\">\n\t\t\t\t\t\t\t\t\t\t\t\t\t\t\t<img fetchpriority=\"high\" decoding=\"async\" width=\"302\" height=\"413\" src=\"https:\/\/hotbin.ch\/wp-content\/uploads\/2019\/11\/kick-start-bottle.png\" class=\"attachment-full size-full wp-image-1028\" alt=\"\" srcset=\"https:\/\/hotbin.ch\/wp-content\/uploads\/2019\/11\/kick-start-bottle.png 302w, https:\/\/hotbin.ch\/wp-content\/uploads\/2019\/11\/kick-start-bottle-219x300.png 219w\" sizes=\"(max-width: 302px) 100vw, 302px\" \/>\t\t\t\t\t\t\t\t\t\t\t\t\t\t\t<\/div>\n\t\t\t\t<\/div>\n\t\t\t\t\t<\/div>\n\t\t<\/div>\n\t\t\t\t\t<\/div>\n\t\t<\/section>\n\t\t\t\t\t<\/div>\n\t\t<\/div>\n\t\t\t\t\t<\/div>\n\t\t<\/section>\n\t\t\t\t<\/div>\n\t\t","protected":false},"excerpt":{"rendered":"<p>La bouteille kick-start Pourquoi a-t-on besoin de la bouteille kick-start ? Si votre thermom\u00e8tre de couvercle indique une temp\u00e9rature inf\u00e9rieure \u00e0 15\u00b0c malgr\u00e9 l&rsquo;ajout r\u00e9gulier&hellip;<\/p>\n","protected":false},"author":7,"featured_media":0,"parent":0,"menu_order":0,"comment_status":"closed","ping_status":"closed","template":"","meta":{"_acf_changed":false,"footnotes":""},"class_list":["post-958","page","type-page","status-publish","hentry"],"acf":[],"_links":{"self":[{"href":"https:\/\/hotbin.ch\/fr\/wp-json\/wp\/v2\/pages\/958","targetHints":{"allow":["GET"]}}],"collection":[{"href":"https:\/\/hotbin.ch\/fr\/wp-json\/wp\/v2\/pages"}],"about":[{"href":"https:\/\/hotbin.ch\/fr\/wp-json\/wp\/v2\/types\/page"}],"author":[{"embeddable":true,"href":"https:\/\/hotbin.ch\/fr\/wp-json\/wp\/v2\/users\/7"}],"replies":[{"embeddable":true,"href":"https:\/\/hotbin.ch\/fr\/wp-json\/wp\/v2\/comments?post=958"}],"version-history":[{"count":12,"href":"https:\/\/hotbin.ch\/fr\/wp-json\/wp\/v2\/pages\/958\/revisions"}],"predecessor-version":[{"id":17851,"href":"https:\/\/hotbin.ch\/fr\/wp-json\/wp\/v2\/pages\/958\/revisions\/17851"}],"wp:attachment":[{"href":"https:\/\/hotbin.ch\/fr\/wp-json\/wp\/v2\/media?parent=958"}],"curies":[{"name":"wp","href":"https:\/\/api.w.org\/{rel}","templated":true}]}}