{"id":942,"date":"2019-12-09T16:09:35","date_gmt":"2019-12-09T15:09:35","guid":{"rendered":"https:\/\/hotbin.ch\/?page_id=942"},"modified":"2020-12-16T16:20:54","modified_gmt":"2020-12-16T15:20:54","slug":"comment-fonctionne-la-hotbin","status":"publish","type":"page","link":"https:\/\/hotbin.ch\/fr\/comment-fonctionne-la-hotbin\/","title":{"rendered":"Comment fonctionne la HOTBIN"},"content":{"rendered":"\t\t<div data-elementor-type=\"wp-post\" data-elementor-id=\"942\" class=\"elementor elementor-942 elementor-940\" data-elementor-post-type=\"page\">\n\t\t\t\t\t\t<section class=\"elementor-section elementor-top-section elementor-element elementor-element-23a8a73 elementor-section-height-min-height elementor-section-boxed elementor-section-height-default elementor-section-items-middle\" data-id=\"23a8a73\" data-element_type=\"section\" data-e-type=\"section\" data-settings=\"{&quot;background_background&quot;:&quot;classic&quot;}\">\n\t\t\t\t\t\t<div class=\"elementor-container elementor-column-gap-default\">\n\t\t\t\t\t<div class=\"elementor-column elementor-col-100 elementor-top-column elementor-element elementor-element-7fccf2a1\" data-id=\"7fccf2a1\" data-element_type=\"column\" data-e-type=\"column\">\n\t\t\t<div class=\"elementor-widget-wrap elementor-element-populated\">\n\t\t\t\t\t\t\t<\/div>\n\t\t<\/div>\n\t\t\t\t\t<\/div>\n\t\t<\/section>\n\t\t\t\t<section class=\"elementor-section elementor-top-section elementor-element elementor-element-24eec9d4 elementor-section-boxed elementor-section-height-default elementor-section-height-default\" data-id=\"24eec9d4\" data-element_type=\"section\" data-e-type=\"section\" data-settings=\"{&quot;background_background&quot;:&quot;classic&quot;}\">\n\t\t\t\t\t\t<div class=\"elementor-container elementor-column-gap-default\">\n\t\t\t\t\t<div class=\"elementor-column elementor-col-100 elementor-top-column elementor-element elementor-element-5d55f210\" data-id=\"5d55f210\" data-element_type=\"column\" data-e-type=\"column\">\n\t\t\t<div class=\"elementor-widget-wrap elementor-element-populated\">\n\t\t\t\t\t\t<div class=\"elementor-element elementor-element-7141c406 elementor-widget elementor-widget-heading\" data-id=\"7141c406\" data-element_type=\"widget\" data-e-type=\"widget\" data-widget_type=\"heading.default\">\n\t\t\t\t<div class=\"elementor-widget-container\">\n\t\t\t\t\t<h1 class=\"elementor-heading-title elementor-size-default\">Fontionnement<\/h1>\t\t\t\t<\/div>\n\t\t\t\t<\/div>\n\t\t\t\t\t<\/div>\n\t\t<\/div>\n\t\t\t\t\t<\/div>\n\t\t<\/section>\n\t\t\t\t<section class=\"elementor-section elementor-top-section elementor-element elementor-element-390e098a elementor-section-boxed elementor-section-height-default elementor-section-height-default\" data-id=\"390e098a\" data-element_type=\"section\" data-e-type=\"section\">\n\t\t\t\t\t\t<div class=\"elementor-container elementor-column-gap-default\">\n\t\t\t\t\t<div class=\"elementor-column elementor-col-100 elementor-top-column elementor-element elementor-element-28add443\" data-id=\"28add443\" data-element_type=\"column\" data-e-type=\"column\">\n\t\t\t<div class=\"elementor-widget-wrap elementor-element-populated\">\n\t\t\t\t\t\t<section class=\"elementor-section elementor-inner-section elementor-element elementor-element-5b119584 elementor-section-boxed elementor-section-height-default elementor-section-height-default\" data-id=\"5b119584\" data-element_type=\"section\" data-e-type=\"section\">\n\t\t\t\t\t\t<div class=\"elementor-container elementor-column-gap-default\">\n\t\t\t\t\t<div class=\"elementor-column elementor-col-50 elementor-inner-column elementor-element elementor-element-4d690d35\" data-id=\"4d690d35\" data-element_type=\"column\" data-e-type=\"column\">\n\t\t\t<div class=\"elementor-widget-wrap elementor-element-populated\">\n\t\t\t\t\t\t<div class=\"elementor-element elementor-element-686fba59 elementor-widget elementor-widget-image\" data-id=\"686fba59\" data-element_type=\"widget\" data-e-type=\"widget\" data-widget_type=\"image.default\">\n\t\t\t\t<div class=\"elementor-widget-container\">\n\t\t\t\t\t\t\t\t\t\t\t\t\t\t\t<img decoding=\"async\" src=\"https:\/\/hotbin.ch\/wp-content\/uploads\/elementor\/thumbs\/howitworks_FRV-1-oq33yml590a706j9nn5ka76nokmulp7aj6z7y2t6gw.png\" title=\"howitworks_FRV\" alt=\"howitworks_FRV\" loading=\"lazy\" \/>\t\t\t\t\t\t\t\t\t\t\t\t\t\t\t<\/div>\n\t\t\t\t<\/div>\n\t\t\t\t\t<\/div>\n\t\t<\/div>\n\t\t\t\t<div class=\"elementor-column elementor-col-50 elementor-inner-column elementor-element elementor-element-7be4b46a\" data-id=\"7be4b46a\" data-element_type=\"column\" data-e-type=\"column\">\n\t\t\t<div class=\"elementor-widget-wrap elementor-element-populated\">\n\t\t\t\t\t\t<div class=\"elementor-element elementor-element-2a5f1316 elementor-widget elementor-widget-text-editor\" data-id=\"2a5f1316\" data-element_type=\"widget\" data-e-type=\"widget\" data-widget_type=\"text-editor.default\">\n\t\t\t\t<div class=\"elementor-widget-container\">\n\t\t\t\t\t\t\t\t\t<p>La HOTBIN est un composteur a\u00e9robie qui atteint des temp\u00e9ratures de compostage \u00e0 chaud entre 40\u00b0C et 60\u00b0C. Le process maximise les bonnes conditions du proc\u00e9d\u00e9 naturel de compostage, en favorisant le d\u00e9veloppement des bact\u00e9ries avec suffisamment d&rsquo;eau, d&rsquo;oxyg\u00e8ne et de nourriture (mati\u00e8re organique\/d\u00e9chets verts\/d\u00e9chets de cuisine).<\/p><p>La chaleur est g\u00e9n\u00e9r\u00e9e naturellement par le d\u00e9veloppement bact\u00e9rien lors de la digestion des d\u00e9chets. Les parois isolantes en polystyr\u00e8ne maintiennent, la chaleur issue de l\u2019activit\u00e9 bact\u00e9rienne. Ainsi la temp\u00e9rature de la HOTBIN augmente.<\/p><p>Les d\u00e9chets (verts et organiques) sont m\u00e9lang\u00e9s avec de la \u00ab mati\u00e8re s\u00e8che \u00bb papier\/carton\/copeaux d\u00e9chiquet\u00e9s. Pour contr\u00f4ler l&rsquo;humidit\u00e9, la mati\u00e8re s\u00e8che est utilis\u00e9e pour cr\u00e9er des espaces d&rsquo;air aidant l&rsquo;air (oxyg\u00e8ne) circuler. Une entr\u00e9e d&rsquo;air situ\u00e9e dans la zone inf\u00e9rieure de la HOTBIN permet \u00e0 l&rsquo;air de circuler autour des bact\u00e9ries, les nourrissant d&rsquo;oxyg\u00e8ne et les gardant en compostage a\u00e9robie.<\/p><p>La chaleur produite par l&rsquo;activit\u00e9 bact\u00e9rienne pendant la d\u00e9composition favorise la transformation de l\u2019eau en vapeur d&rsquo;eau. Celle-ci s&rsquo;\u00e9chappe par la valve situ\u00e9e sur le couvercle qui doit rester ouverte.<\/p><p>La HOTBIN fonctionne comme une chemin\u00e9e isol\u00e9e.<\/p><p>A l\u2019int\u00e9rieur, trois couches distinctes peuvent \u00eatre identifi\u00e9es : la couche sup\u00e9rieure chaude active, la couche centrale chaude, la base froide.<\/p>\t\t\t\t\t\t\t\t<\/div>\n\t\t\t\t<\/div>\n\t\t\t\t\t<\/div>\n\t\t<\/div>\n\t\t\t\t\t<\/div>\n\t\t<\/section>\n\t\t\t\t\t<\/div>\n\t\t<\/div>\n\t\t\t\t\t<\/div>\n\t\t<\/section>\n\t\t\t\t<\/div>\n\t\t","protected":false},"excerpt":{"rendered":"<p>Fontionnement La HOTBIN est un composteur a\u00e9robie qui atteint des temp\u00e9ratures de compostage \u00e0 chaud entre 40\u00b0C et 60\u00b0C. Le process maximise les bonnes conditions&hellip;<\/p>\n","protected":false},"author":7,"featured_media":0,"parent":0,"menu_order":0,"comment_status":"closed","ping_status":"closed","template":"","meta":{"_acf_changed":false,"footnotes":""},"class_list":["post-942","page","type-page","status-publish","hentry"],"acf":[],"_links":{"self":[{"href":"https:\/\/hotbin.ch\/fr\/wp-json\/wp\/v2\/pages\/942","targetHints":{"allow":["GET"]}}],"collection":[{"href":"https:\/\/hotbin.ch\/fr\/wp-json\/wp\/v2\/pages"}],"about":[{"href":"https:\/\/hotbin.ch\/fr\/wp-json\/wp\/v2\/types\/page"}],"author":[{"embeddable":true,"href":"https:\/\/hotbin.ch\/fr\/wp-json\/wp\/v2\/users\/7"}],"replies":[{"embeddable":true,"href":"https:\/\/hotbin.ch\/fr\/wp-json\/wp\/v2\/comments?post=942"}],"version-history":[{"count":21,"href":"https:\/\/hotbin.ch\/fr\/wp-json\/wp\/v2\/pages\/942\/revisions"}],"predecessor-version":[{"id":17532,"href":"https:\/\/hotbin.ch\/fr\/wp-json\/wp\/v2\/pages\/942\/revisions\/17532"}],"wp:attachment":[{"href":"https:\/\/hotbin.ch\/fr\/wp-json\/wp\/v2\/media?parent=942"}],"curies":[{"name":"wp","href":"https:\/\/api.w.org\/{rel}","templated":true}]}}