{"id":910,"date":"2019-11-19T16:11:51","date_gmt":"2019-11-19T15:11:51","guid":{"rendered":"https:\/\/hotbin.ch\/?page_id=910"},"modified":"2020-12-17T12:38:41","modified_gmt":"2020-12-17T11:38:41","slug":"produkte","status":"publish","type":"page","link":"https:\/\/hotbin.ch\/fr\/produkte\/","title":{"rendered":"Produkte"},"content":{"rendered":"\t\t<div data-elementor-type=\"wp-post\" data-elementor-id=\"910\" class=\"elementor elementor-910 elementor-908\" data-elementor-post-type=\"page\">\n\t\t\t\t\t\t<section class=\"elementor-section elementor-top-section elementor-element elementor-element-dc615cb elementor-section-height-min-height elementor-section-boxed elementor-section-height-default elementor-section-items-middle\" data-id=\"dc615cb\" data-element_type=\"section\" data-e-type=\"section\" data-settings=\"{&quot;background_background&quot;:&quot;classic&quot;}\">\n\t\t\t\t\t\t<div class=\"elementor-container elementor-column-gap-default\">\n\t\t\t\t\t<div class=\"elementor-column elementor-col-100 elementor-top-column elementor-element elementor-element-eaf8cca\" data-id=\"eaf8cca\" data-element_type=\"column\" data-e-type=\"column\">\n\t\t\t<div class=\"elementor-widget-wrap elementor-element-populated\">\n\t\t\t\t\t\t\t<\/div>\n\t\t<\/div>\n\t\t\t\t\t<\/div>\n\t\t<\/section>\n\t\t\t\t<section class=\"elementor-section elementor-top-section elementor-element elementor-element-52f5dd6b elementor-section-boxed elementor-section-height-default elementor-section-height-default\" data-id=\"52f5dd6b\" data-element_type=\"section\" data-e-type=\"section\" data-settings=\"{&quot;background_background&quot;:&quot;classic&quot;}\">\n\t\t\t\t\t\t<div class=\"elementor-container elementor-column-gap-default\">\n\t\t\t\t\t<div class=\"elementor-column elementor-col-100 elementor-top-column elementor-element elementor-element-501f846f\" data-id=\"501f846f\" data-element_type=\"column\" data-e-type=\"column\">\n\t\t\t<div class=\"elementor-widget-wrap elementor-element-populated\">\n\t\t\t\t\t\t<div class=\"elementor-element elementor-element-b7cdc63 elementor-widget elementor-widget-heading\" data-id=\"b7cdc63\" data-element_type=\"widget\" data-e-type=\"widget\" data-widget_type=\"heading.default\">\n\t\t\t\t<div class=\"elementor-widget-container\">\n\t\t\t\t\t<h1 class=\"elementor-heading-title elementor-size-default\">Produits <\/h1>\t\t\t\t<\/div>\n\t\t\t\t<\/div>\n\t\t\t\t\t<\/div>\n\t\t<\/div>\n\t\t\t\t\t<\/div>\n\t\t<\/section>\n\t\t\t\t<section class=\"elementor-section elementor-top-section elementor-element elementor-element-a2fd03e elementor-section-boxed elementor-section-height-default elementor-section-height-default\" data-id=\"a2fd03e\" data-element_type=\"section\" data-e-type=\"section\">\n\t\t\t\t\t\t<div class=\"elementor-container elementor-column-gap-default\">\n\t\t\t\t\t<div class=\"elementor-column elementor-col-100 elementor-top-column elementor-element elementor-element-eba2e32\" data-id=\"eba2e32\" data-element_type=\"column\" data-e-type=\"column\">\n\t\t\t<div class=\"elementor-widget-wrap elementor-element-populated\">\n\t\t\t\t\t\t<div class=\"elementor-element elementor-element-e29da02 elementor-widget elementor-widget-text-editor\" data-id=\"e29da02\" data-element_type=\"widget\" data-e-type=\"widget\" data-widget_type=\"text-editor.default\">\n\t\t\t\t<div class=\"elementor-widget-container\">\n\t\t\t\t\t\t\t\t\t<p>Pour les m\u00e9nages <strong>soucieux de l\u2019environnement<\/strong> avec jardins,<br \/>HOTBIN est le produit qui convient<br \/><strong>Recyclez<\/strong> tous vos d\u00e9chets bio de cuisine et de jardin, facilement, rapidement, toute l\u2019ann\u00e9e, sans d\u00e9sordre et sans odeur.<br \/><strong>Cr\u00e9ez<\/strong> un engrais sain pour votre jardin<br \/><strong>R\u00e9duisez<\/strong> les co\u00fbts en utilisant moins de sacs poubelles et en payant moins cher pour un bon sol.<\/p>\t\t\t\t\t\t\t\t<\/div>\n\t\t\t\t<\/div>\n\t\t\t\t<section class=\"elementor-section elementor-inner-section elementor-element elementor-element-70b4dd9 sprodbox elementor-section-boxed elementor-section-height-default elementor-section-height-default\" data-id=\"70b4dd9\" data-element_type=\"section\" data-e-type=\"section\">\n\t\t\t\t\t\t<div class=\"elementor-container elementor-column-gap-narrow\">\n\t\t\t\t\t<div class=\"elementor-column elementor-col-50 elementor-inner-column elementor-element elementor-element-5320cb4\" data-id=\"5320cb4\" data-element_type=\"column\" data-e-type=\"column\">\n\t\t\t<div class=\"elementor-widget-wrap elementor-element-populated\">\n\t\t\t\t\t\t<div class=\"elementor-element elementor-element-46d5f99 elementor-widget elementor-widget-heading\" data-id=\"46d5f99\" data-element_type=\"widget\" data-e-type=\"widget\" data-widget_type=\"heading.default\">\n\t\t\t\t<div class=\"elementor-widget-container\">\n\t\t\t\t\t<h2 class=\"elementor-heading-title elementor-size-default\">HOTBIN Mini (100 L)<\/h2>\t\t\t\t<\/div>\n\t\t\t\t<\/div>\n\t\t\t\t<div class=\"elementor-element elementor-element-8a32b07 elementor-widget elementor-widget-image\" data-id=\"8a32b07\" data-element_type=\"widget\" data-e-type=\"widget\" data-widget_type=\"image.default\">\n\t\t\t\t<div class=\"elementor-widget-container\">\n\t\t\t\t\t\t\t\t\t\t\t\t\t\t\t<img fetchpriority=\"high\" decoding=\"async\" width=\"530\" height=\"429\" src=\"https:\/\/hotbin.ch\/wp-content\/uploads\/2019\/12\/hotbin-dimensions__mini_FR.png\" class=\"attachment-large size-large wp-image-3351\" alt=\"\" srcset=\"https:\/\/hotbin.ch\/wp-content\/uploads\/2019\/12\/hotbin-dimensions__mini_FR.png 530w, https:\/\/hotbin.ch\/wp-content\/uploads\/2019\/12\/hotbin-dimensions__mini_FR-300x243.png 300w\" sizes=\"(max-width: 530px) 100vw, 530px\" \/>\t\t\t\t\t\t\t\t\t\t\t\t\t\t\t<\/div>\n\t\t\t\t<\/div>\n\t\t\t\t<div class=\"elementor-element elementor-element-352fa0e elementor-widget elementor-widget-text-editor\" data-id=\"352fa0e\" data-element_type=\"widget\" data-e-type=\"widget\" data-widget_type=\"text-editor.default\">\n\t\t\t\t<div class=\"elementor-widget-container\">\n\t\t\t\t\t\t\t\t\t<p>La HOTBIN Mini est un composteur \u00e0 chaud mince con\u00e7u pour les m\u00e9nages de 1 \u00e0 2 personnes avec jardin.<\/p><p>Le mini composteur HOTBIN est livr\u00e9 assembl\u00e9 et pr\u00eat \u00e0 l\u2019emploi. \u00a0Ce produit est exp\u00e9di\u00e9 de Suisse et sera livr\u00e9 dans 2-3 jours.<\/p><h4><strong>380.-CHF \u00a0 \u00a0\u00a0livraison gratuite + TVA incluse<\/strong><\/h4>\t\t\t\t\t\t\t\t<\/div>\n\t\t\t\t<\/div>\n\t\t\t\t<div class=\"elementor-element elementor-element-80318ca elementor-widget elementor-widget-accordion\" data-id=\"80318ca\" data-element_type=\"widget\" data-e-type=\"widget\" data-widget_type=\"accordion.default\">\n\t\t\t\t<div class=\"elementor-widget-container\">\n\t\t\t\t\t\t\t<div class=\"elementor-accordion\">\n\t\t\t\t\t\t\t<div class=\"elementor-accordion-item\">\n\t\t\t\t\t<div id=\"elementor-tab-title-1341\" class=\"elementor-tab-title\" data-tab=\"1\" role=\"button\" aria-controls=\"elementor-tab-content-1341\" aria-expanded=\"false\">\n\t\t\t\t\t\t\t\t\t\t\t\t\t<span class=\"elementor-accordion-icon elementor-accordion-icon-left\" aria-hidden=\"true\">\n\t\t\t\t\t\t\t\t\t\t\t\t\t\t\t<span class=\"elementor-accordion-icon-closed\"><i class=\"fas fa-plus\"><\/i><\/span>\n\t\t\t\t\t\t\t\t<span class=\"elementor-accordion-icon-opened\"><i class=\"fas fa-minus\"><\/i><\/span>\n\t\t\t\t\t\t\t\t\t\t\t\t\t\t<\/span>\n\t\t\t\t\t\t\t\t\t\t\t\t<a class=\"elementor-accordion-title\" tabindex=\"0\">Capacit\u00e9 & dimensions<\/a>\n\t\t\t\t\t<\/div>\n\t\t\t\t\t<div id=\"elementor-tab-content-1341\" class=\"elementor-tab-content elementor-clearfix\" data-tab=\"1\" role=\"region\" aria-labelledby=\"elementor-tab-title-1341\"><p><strong>Capacit\u00e9<\/strong>\u00a0:\u00a0 Environ 100 litres<br \/><strong>Poids<\/strong>\u00a0: 4kg (non emball\u00e9)<br \/><strong>Dimensions<\/strong>\u00a0: 115 x 45 x 45cm<\/p><\/div>\n\t\t\t\t<\/div>\n\t\t\t\t\t\t\t<div class=\"elementor-accordion-item\">\n\t\t\t\t\t<div id=\"elementor-tab-title-1342\" class=\"elementor-tab-title\" data-tab=\"2\" role=\"button\" aria-controls=\"elementor-tab-content-1342\" aria-expanded=\"false\">\n\t\t\t\t\t\t\t\t\t\t\t\t\t<span class=\"elementor-accordion-icon elementor-accordion-icon-left\" aria-hidden=\"true\">\n\t\t\t\t\t\t\t\t\t\t\t\t\t\t\t<span class=\"elementor-accordion-icon-closed\"><i class=\"fas fa-plus\"><\/i><\/span>\n\t\t\t\t\t\t\t\t<span class=\"elementor-accordion-icon-opened\"><i class=\"fas fa-minus\"><\/i><\/span>\n\t\t\t\t\t\t\t\t\t\t\t\t\t\t<\/span>\n\t\t\t\t\t\t\t\t\t\t\t\t<a class=\"elementor-accordion-title\" tabindex=\"0\">Ce que vous recevrez<\/a>\n\t\t\t\t\t<\/div>\n\t\t\t\t\t<div id=\"elementor-tab-content-1342\" class=\"elementor-tab-content elementor-clearfix\" data-tab=\"2\" role=\"region\" aria-labelledby=\"elementor-tab-title-1342\"><ul><li>Les emballages en carton sont recyclables. Une fois le HOTBIN retir\u00e9 de la bo\u00eete, d\u00e9chiquetez le carton et traitez-le par le HOTBIN avec vos d\u00e9chets et copeaux de bois<\/li><li>Thermom\u00e8tre \u00e0 couvercle pour contr\u00f4ler la temp\u00e9rature<\/li><li>Couvercle herm\u00e9tique et bio-filtre pour r\u00e9duire les odeurs et l\u2019attraction de la vermine et des mouches.<\/li><li>Plaque de soupape d\u2019a\u00e9ration \u00e0 temp\u00e9rature mod\u00e9r\u00e9e<\/li><li>Parois isolantes de 50 mm d\u2019\u00e9paisseur pour retenir la chaleur<\/li><li>Plaque de base d\u2019a\u00e9ration pour disperser l\u2019air \u00e0 l\u2019int\u00e9rieur du bac<\/li><li>Panneau avant amovible pour l\u2019extraction du nouveau compost<\/li><li>Une courroies de came (pour maintenir une trappe \u00e9tanche \u00e0 l\u2019air)<\/li><li>Guide d\u2019utilisation \u00ab\u00a0How to\u00a0\u00bb en anglais du fabricant. Les traductions fran\u00e7aise et allemande sont disponibles en ligne.<\/li><li>Thermom\u00e8tre suppl\u00e9mentaire pour suivre la temp\u00e9rature interne du HOTBIN<\/li><li>\u2018Kick Start Heater\u2019 (pour que HOTBIN continue \u00e0 fonctionner en hiver)<\/li><li>B\u00e2ton de r\u00e2teau (pour m\u00e9langer les mati\u00e8res et enlever le compost)<\/li><\/ul><\/div>\n\t\t\t\t<\/div>\n\t\t\t\t\t\t\t\t<\/div>\n\t\t\t\t\t\t<\/div>\n\t\t\t\t<\/div>\n\t\t\t\t<div class=\"elementor-element elementor-element-c4184d4 elementor-align-center elementor-widget elementor-widget-button\" data-id=\"c4184d4\" data-element_type=\"widget\" data-e-type=\"widget\" data-widget_type=\"button.default\">\n\t\t\t\t<div class=\"elementor-widget-container\">\n\t\t\t\t\t\t\t\t\t<div class=\"elementor-button-wrapper\">\n\t\t\t\t\t<a class=\"elementor-button elementor-button-link elementor-size-sm\" href=\"https:\/\/hotbin.ch\/fr\/produit\/mini-100-l\/\">\n\t\t\t\t\t\t<span class=\"elementor-button-content-wrapper\">\n\t\t\t\t\t\t\t\t\t<span class=\"elementor-button-text\">Details du produit<\/span>\n\t\t\t\t\t<\/span>\n\t\t\t\t\t<\/a>\n\t\t\t\t<\/div>\n\t\t\t\t\t\t\t\t<\/div>\n\t\t\t\t<\/div>\n\t\t\t\t<div class=\"elementor-element elementor-element-1760915 elementor-add-to-cart--align-center elementor-widget elementor-widget-wc-add-to-cart\" data-id=\"1760915\" data-element_type=\"widget\" data-e-type=\"widget\" data-widget_type=\"wc-add-to-cart.default\">\n\t\t\t\t<div class=\"elementor-widget-container\">\n\t\t\t\t\t\t\t\t\t<div class=\"elementor-button-wrapper\">\n\t\t\t\t\t<a rel=\"nofollow\" href=\"https:\/\/hotbin.ch\/fr\/produit\/bac-a-compost-mini-100l\/\" data-quantity=\"1\" data-product_id=\"1550\" class=\"product_type_simple ajax_add_to_cart elementor-button elementor-size-sm\" role=\"button\">\n\t\t\t\t\t\t<span class=\"elementor-button-content-wrapper\">\n\t\t\t\t\t\t<span class=\"elementor-button-icon\">\n\t\t\t\t<i aria-hidden=\"true\" class=\"fas fa-shopping-cart\"><\/i>\t\t\t<\/span>\n\t\t\t\t\t\t\t\t\t<span class=\"elementor-button-text\">Ajouter au panier<\/span>\n\t\t\t\t\t<\/span>\n\t\t\t\t\t<\/a>\n\t\t\t\t<\/div>\n\t\t\t\t\t\t\t\t<\/div>\n\t\t\t\t<\/div>\n\t\t\t\t\t<\/div>\n\t\t<\/div>\n\t\t\t\t<div class=\"elementor-column elementor-col-50 elementor-inner-column elementor-element elementor-element-182a9a7\" data-id=\"182a9a7\" data-element_type=\"column\" data-e-type=\"column\">\n\t\t\t<div class=\"elementor-widget-wrap elementor-element-populated\">\n\t\t\t\t\t\t<div class=\"elementor-element elementor-element-6561c74 elementor-widget elementor-widget-heading\" data-id=\"6561c74\" data-element_type=\"widget\" data-e-type=\"widget\" data-widget_type=\"heading.default\">\n\t\t\t\t<div class=\"elementor-widget-container\">\n\t\t\t\t\t<h2 class=\"elementor-heading-title elementor-size-default\">HOTBIN Mark2 (200 L)<\/h2>\t\t\t\t<\/div>\n\t\t\t\t<\/div>\n\t\t\t\t<div class=\"elementor-element elementor-element-642a122 elementor-widget elementor-widget-image\" data-id=\"642a122\" data-element_type=\"widget\" data-e-type=\"widget\" data-widget_type=\"image.default\">\n\t\t\t\t<div class=\"elementor-widget-container\">\n\t\t\t\t\t\t\t\t\t\t\t\t\t\t\t<img decoding=\"async\" width=\"530\" height=\"429\" src=\"https:\/\/hotbin.ch\/wp-content\/uploads\/2019\/12\/hotbin-dimensions__mk2_FR.png\" class=\"attachment-large size-large wp-image-3354\" alt=\"\" srcset=\"https:\/\/hotbin.ch\/wp-content\/uploads\/2019\/12\/hotbin-dimensions__mk2_FR.png 530w, https:\/\/hotbin.ch\/wp-content\/uploads\/2019\/12\/hotbin-dimensions__mk2_FR-300x243.png 300w\" sizes=\"(max-width: 530px) 100vw, 530px\" \/>\t\t\t\t\t\t\t\t\t\t\t\t\t\t\t<\/div>\n\t\t\t\t<\/div>\n\t\t\t\t<div class=\"elementor-element elementor-element-aa7e497 elementor-widget elementor-widget-text-editor\" data-id=\"aa7e497\" data-element_type=\"widget\" data-e-type=\"widget\" data-widget_type=\"text-editor.default\">\n\t\t\t\t<div class=\"elementor-widget-container\">\n\t\t\t\t\t\t\t\t\t<p>La HOTBIN Mini est un composteur \u00e0 chaud mince con\u00e7u pour les m\u00e9nages de 2 \u00e0 4 personnes avec jardin.<\/p><p>Le mini composteur HOTBIN est livr\u00e9 assembl\u00e9 et pr\u00eat \u00e0 l\u2019emploi. \u00a0Ce produit est exp\u00e9di\u00e9 de Suisse et sera livr\u00e9 dans 2-3 jours.<\/p><h4><strong>450.- CHF \u00a0 \u00a0livraison gratuite + TVA incluse<\/strong><\/h4>\t\t\t\t\t\t\t\t<\/div>\n\t\t\t\t<\/div>\n\t\t\t\t<div class=\"elementor-element elementor-element-025203b elementor-widget elementor-widget-accordion\" data-id=\"025203b\" data-element_type=\"widget\" data-e-type=\"widget\" data-widget_type=\"accordion.default\">\n\t\t\t\t<div class=\"elementor-widget-container\">\n\t\t\t\t\t\t\t<div class=\"elementor-accordion\">\n\t\t\t\t\t\t\t<div class=\"elementor-accordion-item\">\n\t\t\t\t\t<div id=\"elementor-tab-title-2431\" class=\"elementor-tab-title\" data-tab=\"1\" role=\"button\" aria-controls=\"elementor-tab-content-2431\" aria-expanded=\"false\">\n\t\t\t\t\t\t\t\t\t\t\t\t\t<span class=\"elementor-accordion-icon elementor-accordion-icon-left\" aria-hidden=\"true\">\n\t\t\t\t\t\t\t\t\t\t\t\t\t\t\t<span class=\"elementor-accordion-icon-closed\"><i class=\"fas fa-plus\"><\/i><\/span>\n\t\t\t\t\t\t\t\t<span class=\"elementor-accordion-icon-opened\"><i class=\"fas fa-minus\"><\/i><\/span>\n\t\t\t\t\t\t\t\t\t\t\t\t\t\t<\/span>\n\t\t\t\t\t\t\t\t\t\t\t\t<a class=\"elementor-accordion-title\" tabindex=\"0\">Capacit\u00e9 & dimensions<\/a>\n\t\t\t\t\t<\/div>\n\t\t\t\t\t<div id=\"elementor-tab-content-2431\" class=\"elementor-tab-content elementor-clearfix\" data-tab=\"1\" role=\"region\" aria-labelledby=\"elementor-tab-title-2431\"><p><strong>Capacit\u00e9<\/strong> :\u00a0 Environ 200 litres<br \/><strong>Poids<\/strong> : 8kg (non emball\u00e9)<br \/><strong>Dimensions<\/strong> : 115 x 55 x 55cm<\/p><\/div>\n\t\t\t\t<\/div>\n\t\t\t\t\t\t\t<div class=\"elementor-accordion-item\">\n\t\t\t\t\t<div id=\"elementor-tab-title-2432\" class=\"elementor-tab-title\" data-tab=\"2\" role=\"button\" aria-controls=\"elementor-tab-content-2432\" aria-expanded=\"false\">\n\t\t\t\t\t\t\t\t\t\t\t\t\t<span class=\"elementor-accordion-icon elementor-accordion-icon-left\" aria-hidden=\"true\">\n\t\t\t\t\t\t\t\t\t\t\t\t\t\t\t<span class=\"elementor-accordion-icon-closed\"><i class=\"fas fa-plus\"><\/i><\/span>\n\t\t\t\t\t\t\t\t<span class=\"elementor-accordion-icon-opened\"><i class=\"fas fa-minus\"><\/i><\/span>\n\t\t\t\t\t\t\t\t\t\t\t\t\t\t<\/span>\n\t\t\t\t\t\t\t\t\t\t\t\t<a class=\"elementor-accordion-title\" tabindex=\"0\">Ce que vous recevrez<\/a>\n\t\t\t\t\t<\/div>\n\t\t\t\t\t<div id=\"elementor-tab-content-2432\" class=\"elementor-tab-content elementor-clearfix\" data-tab=\"2\" role=\"region\" aria-labelledby=\"elementor-tab-title-2432\"><ul><li>Les emballages en carton sont recyclables. Une fois le HOTBIN retir\u00e9 de la bo\u00eete, d\u00e9chiquetez le carton et traitez-le par le HOTBIN avec vos d\u00e9chets et copeaux de bois<\/li><li>Thermom\u00e8tre \u00e0 couvercle pour contr\u00f4ler la temp\u00e9rature<\/li><li>Couvercle herm\u00e9tique et bio-filtre pour r\u00e9duire les odeurs et l\u2019attraction de la vermine et des mouches.<\/li><li>Plaque de soupape d\u2019a\u00e9ration \u00e0 temp\u00e9rature mod\u00e9r\u00e9e<\/li><li>Parois isolantes de 50 mm d\u2019\u00e9paisseur pour retenir la chaleur<\/li><li>Plaque de base d\u2019a\u00e9ration pour disperser l\u2019air \u00e0 l\u2019int\u00e9rieur du bac<\/li><li>Panneau avant amovible pour l\u2019extraction du nouveau compost<\/li><li>Une courroies de came (pour maintenir une trappe \u00e9tanche \u00e0 l\u2019air)<\/li><li>Guide d\u2019utilisation \u00ab\u00a0How to\u00a0\u00bb en anglais du fabricant. Les traductions fran\u00e7aise et allemande sont disponibles en ligne.<\/li><li>Thermom\u00e8tre suppl\u00e9mentaire pour suivre la temp\u00e9rature interne du HOTBIN<\/li><li>\u2018Kick Start Heater\u2019 (pour que HOTBIN continue \u00e0 fonctionner en hiver)<\/li><li>B\u00e2ton de r\u00e2teau (pour m\u00e9langer les mati\u00e8res et enlever le compost)<\/li><\/ul><\/div>\n\t\t\t\t<\/div>\n\t\t\t\t\t\t\t\t<\/div>\n\t\t\t\t\t\t<\/div>\n\t\t\t\t<\/div>\n\t\t\t\t<div class=\"elementor-element elementor-element-e744ee8 elementor-align-center elementor-widget elementor-widget-button\" data-id=\"e744ee8\" data-element_type=\"widget\" data-e-type=\"widget\" data-widget_type=\"button.default\">\n\t\t\t\t<div class=\"elementor-widget-container\">\n\t\t\t\t\t\t\t\t\t<div class=\"elementor-button-wrapper\">\n\t\t\t\t\t<a class=\"elementor-button elementor-button-link elementor-size-sm\" href=\"https:\/\/hotbin.ch\/fr\/produit\/mk-2-200-l\/\">\n\t\t\t\t\t\t<span class=\"elementor-button-content-wrapper\">\n\t\t\t\t\t\t\t\t\t<span class=\"elementor-button-text\">Details du produit<\/span>\n\t\t\t\t\t<\/span>\n\t\t\t\t\t<\/a>\n\t\t\t\t<\/div>\n\t\t\t\t\t\t\t\t<\/div>\n\t\t\t\t<\/div>\n\t\t\t\t<div class=\"elementor-element elementor-element-ed65062 elementor-add-to-cart--align-center elementor-widget elementor-widget-wc-add-to-cart\" data-id=\"ed65062\" data-element_type=\"widget\" data-e-type=\"widget\" data-widget_type=\"wc-add-to-cart.default\">\n\t\t\t\t<div class=\"elementor-widget-container\">\n\t\t\t\t\t\t\t\t\t<div class=\"elementor-button-wrapper\">\n\t\t\t\t\t<a rel=\"nofollow\" href=\"https:\/\/hotbin.ch\/fr\/produit\/mk-2-200-l\/\" data-quantity=\"1\" data-product_id=\"1552\" class=\"product_type_simple ajax_add_to_cart elementor-button elementor-size-sm\" role=\"button\">\n\t\t\t\t\t\t<span class=\"elementor-button-content-wrapper\">\n\t\t\t\t\t\t<span class=\"elementor-button-icon\">\n\t\t\t\t<i aria-hidden=\"true\" class=\"fas fa-shopping-cart\"><\/i>\t\t\t<\/span>\n\t\t\t\t\t\t\t\t\t<span class=\"elementor-button-text\">Ajouter au panier<\/span>\n\t\t\t\t\t<\/span>\n\t\t\t\t\t<\/a>\n\t\t\t\t<\/div>\n\t\t\t\t\t\t\t\t<\/div>\n\t\t\t\t<\/div>\n\t\t\t\t\t<\/div>\n\t\t<\/div>\n\t\t\t\t\t<\/div>\n\t\t<\/section>\n\t\t\t\t\t<\/div>\n\t\t<\/div>\n\t\t\t\t\t<\/div>\n\t\t<\/section>\n\t\t\t\t<section class=\"elementor-section elementor-top-section elementor-element elementor-element-8e1e745 elementor-section-boxed elementor-section-height-default elementor-section-height-default\" data-id=\"8e1e745\" data-element_type=\"section\" data-e-type=\"section\">\n\t\t\t\t\t\t<div class=\"elementor-container elementor-column-gap-default\">\n\t\t\t\t\t<div class=\"elementor-column elementor-col-100 elementor-top-column elementor-element elementor-element-4faa8bb\" data-id=\"4faa8bb\" data-element_type=\"column\" data-e-type=\"column\">\n\t\t\t<div class=\"elementor-widget-wrap elementor-element-populated\">\n\t\t\t\t\t\t<div class=\"elementor-element elementor-element-7737c60 elementor-widget elementor-widget-heading\" data-id=\"7737c60\" data-element_type=\"widget\" data-e-type=\"widget\" data-widget_type=\"heading.default\">\n\t\t\t\t<div class=\"elementor-widget-container\">\n\t\t\t\t\t<h2 class=\"elementor-heading-title elementor-size-default\">De quoi HOTBIN est-elle faite?<\/h2>\t\t\t\t<\/div>\n\t\t\t\t<\/div>\n\t\t\t\t<div class=\"elementor-element elementor-element-23125d8 elementor-widget elementor-widget-text-editor\" data-id=\"23125d8\" data-element_type=\"widget\" data-e-type=\"widget\" data-widget_type=\"text-editor.default\">\n\t\t\t\t<div class=\"elementor-widget-container\">\n\t\t\t\t\t\t\t\t\t<p>La HOTBIN est fabriqu\u00e9 en <strong>polypropyl\u00e8ne expans\u00e9 ARPRO\u00ae<\/strong> \u00e9galement appel\u00e9 \u00ab EPP \u00bb.\u00a0 Il s\u2019agit d\u2019un plastique sp\u00e9cialis\u00e9, multi-usage et <strong>tr\u00e8s durable<\/strong>. ARPRO\u00ae EPP offre une grande r\u00e9sistance aux chocs et est largement utilis\u00e9 dans l\u2019industrie automobile dans les composants de protection contre les chocs tels que les pare-chocs de voiture et peut \u00e9galement \u00eatre trouv\u00e9 dans les casques de s\u00e9curit\u00e9 pour enfants \u00e0 v\u00e9lo. L\u2019EPP poss\u00e8de \u00e9galement <strong>d\u2019excellentes propri\u00e9t\u00e9s d\u2019isolation<\/strong> !<\/p><p>L\u2019EPP n\u2019est pas un plastique \u00e0 usage unique, le mat\u00e9riau est <strong>enti\u00e8rement recyclable<\/strong> et peut \u00eatre transform\u00e9 en nouveaux produits. HOTBIN se compose de seulement 4% de mati\u00e8re premi\u00e8re et 96% d\u2019air, ce qui rend le HOTBIN extr\u00eamement \u00e9conome en ressources !<\/p>\t\t\t\t\t\t\t\t<\/div>\n\t\t\t\t<\/div>\n\t\t\t\t<div class=\"elementor-element elementor-element-aa2a93d elementor-widget elementor-widget-heading\" data-id=\"aa2a93d\" data-element_type=\"widget\" data-e-type=\"widget\" data-widget_type=\"heading.default\">\n\t\t\t\t<div class=\"elementor-widget-container\">\n\t\t\t\t\t<h2 class=\"elementor-heading-title elementor-size-default\">Quelle est la dur\u00e9e de vie de la HOTBIN ?<\/h2>\t\t\t\t<\/div>\n\t\t\t\t<\/div>\n\t\t\t\t<div class=\"elementor-element elementor-element-c541256 elementor-widget elementor-widget-text-editor\" data-id=\"c541256\" data-element_type=\"widget\" data-e-type=\"widget\" data-widget_type=\"text-editor.default\">\n\t\t\t\t<div class=\"elementor-widget-container\">\n\t\t\t\t\t\t\t\t\t<p>Nous offrons une garantie du fabricant de 3 ans, et sous r\u00e9serve d\u2019une utilisation appropri\u00e9e, nous nous attendons \u00e0 ce qu\u2019elle <strong>dure de 10 \u00e0 20 ans<\/strong>. Nous vous conseillons de faire attention aux outils tranchants comme les fourches de jardin et les couteaux aiguis\u00e9s, car ils peuvent perforer ou couper les parois.<\/p>\t\t\t\t\t\t\t\t<\/div>\n\t\t\t\t<\/div>\n\t\t\t\t<div class=\"elementor-element elementor-element-e665b64 elementor-widget elementor-widget-text-editor\" data-id=\"e665b64\" data-element_type=\"widget\" data-e-type=\"widget\" data-widget_type=\"text-editor.default\">\n\t\t\t\t<div class=\"elementor-widget-container\">\n\t\t\t\t\t\t\t\t\t<p style=\"text-align: center;\"><strong>Vous avez des questions avant de faire votre achat? \u00a0\u00a0<\/strong><strong>Envoyez-nous un e-mail \u00e0 <a style=\"text-decoration: underline;\" href=\"mailto:support@hotbin.ch\">support@hotbin.ch<\/a> ou utilisez notre <a style=\"text-decoration: underline;\" href=\"https:\/\/hotbin.ch\/fr\/a-propos-de-nous\/contact\/\">formulaire de contact<\/a>.<\/strong><\/p>\t\t\t\t\t\t\t\t<\/div>\n\t\t\t\t<\/div>\n\t\t\t\t\t<\/div>\n\t\t<\/div>\n\t\t\t\t\t<\/div>\n\t\t<\/section>\n\t\t\t\t<\/div>\n\t\t","protected":false},"excerpt":{"rendered":"<p>Produits Pour les m\u00e9nages soucieux de l\u2019environnement avec jardins,HOTBIN est le produit qui convientRecyclez tous vos d\u00e9chets bio de cuisine et de jardin, facilement, rapidement,&hellip;<\/p>\n","protected":false},"author":7,"featured_media":0,"parent":0,"menu_order":0,"comment_status":"closed","ping_status":"closed","template":"","meta":{"_acf_changed":false,"footnotes":""},"class_list":["post-910","page","type-page","status-publish","hentry"],"acf":[],"_links":{"self":[{"href":"https:\/\/hotbin.ch\/fr\/wp-json\/wp\/v2\/pages\/910","targetHints":{"allow":["GET"]}}],"collection":[{"href":"https:\/\/hotbin.ch\/fr\/wp-json\/wp\/v2\/pages"}],"about":[{"href":"https:\/\/hotbin.ch\/fr\/wp-json\/wp\/v2\/types\/page"}],"author":[{"embeddable":true,"href":"https:\/\/hotbin.ch\/fr\/wp-json\/wp\/v2\/users\/7"}],"replies":[{"embeddable":true,"href":"https:\/\/hotbin.ch\/fr\/wp-json\/wp\/v2\/comments?post=910"}],"version-history":[{"count":25,"href":"https:\/\/hotbin.ch\/fr\/wp-json\/wp\/v2\/pages\/910\/revisions"}],"predecessor-version":[{"id":17934,"href":"https:\/\/hotbin.ch\/fr\/wp-json\/wp\/v2\/pages\/910\/revisions\/17934"}],"wp:attachment":[{"href":"https:\/\/hotbin.ch\/fr\/wp-json\/wp\/v2\/media?parent=910"}],"curies":[{"name":"wp","href":"https:\/\/api.w.org\/{rel}","templated":true}]}}