{"id":717,"date":"2019-11-13T21:20:17","date_gmt":"2019-11-13T20:20:17","guid":{"rendered":"https:\/\/hotbin.ch\/?page_id=717"},"modified":"2020-03-24T11:15:14","modified_gmt":"2020-03-24T10:15:14","slug":"conditions-generales","status":"publish","type":"page","link":"https:\/\/hotbin.ch\/fr\/conditions-generales\/","title":{"rendered":"Conditions G\u00e9n\u00e9rales"},"content":{"rendered":"\t\t<div data-elementor-type=\"wp-post\" data-elementor-id=\"717\" class=\"elementor elementor-717 elementor-715\" data-elementor-post-type=\"page\">\n\t\t\t\t\t\t<section class=\"elementor-section elementor-top-section elementor-element elementor-element-65c8efd6 elementor-section-height-min-height elementor-section-boxed elementor-section-height-default elementor-section-items-middle\" data-id=\"65c8efd6\" data-element_type=\"section\" data-e-type=\"section\" data-settings=\"{&quot;background_background&quot;:&quot;classic&quot;}\">\n\t\t\t\t\t\t<div class=\"elementor-container elementor-column-gap-default\">\n\t\t\t\t\t<div class=\"elementor-column elementor-col-100 elementor-top-column elementor-element elementor-element-11b088de\" data-id=\"11b088de\" data-element_type=\"column\" data-e-type=\"column\">\n\t\t\t<div class=\"elementor-widget-wrap elementor-element-populated\">\n\t\t\t\t\t\t\t<\/div>\n\t\t<\/div>\n\t\t\t\t\t<\/div>\n\t\t<\/section>\n\t\t\t\t<section class=\"elementor-section elementor-top-section elementor-element elementor-element-63f7acb5 elementor-section-boxed elementor-section-height-default elementor-section-height-default\" data-id=\"63f7acb5\" data-element_type=\"section\" data-e-type=\"section\" data-settings=\"{&quot;background_background&quot;:&quot;classic&quot;}\">\n\t\t\t\t\t\t<div class=\"elementor-container elementor-column-gap-default\">\n\t\t\t\t\t<div class=\"elementor-column elementor-col-100 elementor-top-column elementor-element elementor-element-5e38c362\" data-id=\"5e38c362\" data-element_type=\"column\" data-e-type=\"column\">\n\t\t\t<div class=\"elementor-widget-wrap elementor-element-populated\">\n\t\t\t\t\t\t<div class=\"elementor-element elementor-element-b4f4b61 elementor-widget elementor-widget-heading\" data-id=\"b4f4b61\" data-element_type=\"widget\" data-e-type=\"widget\" data-widget_type=\"heading.default\">\n\t\t\t\t<div class=\"elementor-widget-container\">\n\t\t\t\t\t<h1 class=\"elementor-heading-title elementor-size-default\">CONDITIONS GENERALES<\/h1>\t\t\t\t<\/div>\n\t\t\t\t<\/div>\n\t\t\t\t\t<\/div>\n\t\t<\/div>\n\t\t\t\t\t<\/div>\n\t\t<\/section>\n\t\t\t\t<section class=\"elementor-section elementor-top-section elementor-element elementor-element-224bcd9 elementor-section-boxed elementor-section-height-default elementor-section-height-default\" data-id=\"224bcd9\" data-element_type=\"section\" data-e-type=\"section\">\n\t\t\t\t\t\t<div class=\"elementor-container elementor-column-gap-default\">\n\t\t\t\t\t<div class=\"elementor-column elementor-col-100 elementor-top-column elementor-element elementor-element-b4359e8\" data-id=\"b4359e8\" data-element_type=\"column\" data-e-type=\"column\">\n\t\t\t<div class=\"elementor-widget-wrap elementor-element-populated\">\n\t\t\t\t\t\t<div class=\"elementor-element elementor-element-9ec1761 elementor-widget elementor-widget-heading\" data-id=\"9ec1761\" data-element_type=\"widget\" data-e-type=\"widget\" data-widget_type=\"heading.default\">\n\t\t\t\t<div class=\"elementor-widget-container\">\n\t\t\t\t\t<h2 class=\"elementor-heading-title elementor-size-default\">Conditions g\u00e9n\u00e9rales de vente<\/h2>\t\t\t\t<\/div>\n\t\t\t\t<\/div>\n\t\t\t\t\t<\/div>\n\t\t<\/div>\n\t\t\t\t\t<\/div>\n\t\t<\/section>\n\t\t\t\t<section class=\"elementor-section elementor-top-section elementor-element elementor-element-38f58cc elementor-section-boxed elementor-section-height-default elementor-section-height-default\" data-id=\"38f58cc\" data-element_type=\"section\" data-e-type=\"section\">\n\t\t\t\t\t\t<div class=\"elementor-container elementor-column-gap-default\">\n\t\t\t\t\t<div class=\"elementor-column elementor-col-100 elementor-top-column elementor-element elementor-element-153a557\" data-id=\"153a557\" data-element_type=\"column\" data-e-type=\"column\">\n\t\t\t<div class=\"elementor-widget-wrap elementor-element-populated\">\n\t\t\t\t\t\t<div class=\"elementor-element elementor-element-d3c6c1f elementor-widget elementor-widget-text-editor\" data-id=\"d3c6c1f\" data-element_type=\"widget\" data-e-type=\"widget\" data-widget_type=\"text-editor.default\">\n\t\t\t\t<div class=\"elementor-widget-container\">\n\t\t\t\t\t\t\t\t\t<p><strong>1. Champ d\u2019application<\/strong><br \/>Les conditions g\u00e9n\u00e9rales de vente (ci-apr\u00e8s d\u00e9sign\u00e9es par \u00abCGV\u00bb) s\u2019appliquent \u00e0 toutes les commandes pass\u00e9es et contrats conclus (ci-apr\u00e8s d\u00e9sign\u00e9s par \u00abcommande\u00bb) via la boutique en ligne de ARKO International Sarl (ci-apr\u00e8s d\u00e9sign\u00e9e par \u00abhotbin.ch\u00bb).<br \/>hotbin.ch se r\u00e9serve le droit de modifier les CGV. La version des CGV valable au moment de la commande s\u2019applique. Elle ne peut pas \u00eatre modifi\u00e9e de mani\u00e8re unilat\u00e9rale pour la commande en question.<\/p><p><b>2. Offre<\/b><br \/>L\u2019offre s&rsquo;adresse aux personnes physiques ou morales qui ont leur domicile ou leur si\u00e8ge en Suisse. Les produits ne sont livr\u00e9s qu\u2019\u00e0 des adresses situ\u00e9es en Suisse.<br \/>L\u2019offre est valable tant qu\u2019elle appara\u00eet dans la boutique en ligne, et ce dans la limite des stocks disponibles. Des modifications de prix et d\u2019assortiment sont possibles en tout temps. Les images pr\u00e9sent\u00e9es dans les publicit\u00e9s, les prospectus, la boutique en ligne, etc., ainsi que l\u2019ensemble des informations concernant les produits servent d\u2019illustration \u00e0 titre purement indicatif et ne sont pas contractuelles. Les indications sp\u00e9cifiques sur l\u2019emballage du produit sont d\u00e9terminantes.<\/p><p><b>3. Prix<\/b><br \/>Les prix sont indiqu\u00e9s en francs suisses et incluent la taxe sur la valeur ajout\u00e9e (TVA) et les frais de livraison.<br \/>Le prix indiqu\u00e9 dans la boutique en ligne au moment de la commande fait foi.\u00a0<\/p><p><b>4. Commande<\/b><br \/>L\u2019affichage des produits dans la boutique en ligne n\u2019est pas l\u00e9galement contraignant. Il s\u2019agit ici d\u2019un catalogue en ligne pr\u00e9sent\u00e9 \u00e0 titre indicatif, afin d\u2019inviter la client\u00e8le \u00e0 commander le produit par ce biais. hotbin.ch se r\u00e9serve le droit de restreindre les quantit\u00e9s de livraison pour certains produits.<br \/>Une commande dans ce cadre est consid\u00e9r\u00e9e comme demande de conclusion d\u2019un contrat aupr\u00e8s de hotbin.ch.<br \/>Apr\u00e8s transmission de la commande, le client re\u00e7oit automatiquement un accus\u00e9 de r\u00e9ception, qui confirme que la commande est bien parvenue \u00e0 hotbin.ch. Le client ne peut plus compl\u00e9ter ou annuler sa commande d\u00e8s lors que cette derni\u00e8re a \u00e9t\u00e9 trait\u00e9e dans notre centre logistique. <br \/>hotbin.ch en ligne peut, sans justification, refuser tout ou partie de la commande. Dans ce cas, le client est inform\u00e9 et les paiements \u00e9ventuellement d\u00e9j\u00e0 effectu\u00e9s sont rembours\u00e9s. Toute autre pr\u00e9tention est exclue, notamment les produits non disponibles ne sont pas livr\u00e9s ult\u00e9rieurement. Les produits temporairement non disponibles ne peuvent pas \u00eatre r\u00e9serv\u00e9s.<\/p><p><b>5. Conclusion du contrat<\/b><br \/>Le contrat est conclu apr\u00e8s traitement de la commande dans le centre logistique de hotbin.ch. D\u00e8s que la commande est pr\u00eate \u00e0 \u00eatre exp\u00e9di\u00e9e depuis le centre logistique, le client re\u00e7oit une confirmation de commande par e-mail.<\/p><p><b>6. Livraison <\/b><br \/>DHL a \u00e9t\u00e9 choisi pour vous livrer \u00e0 domicile les produits command\u00e9s en Suisse. La livraison est limit\u00e9e \u00e0 la Suisse et aucune livraison transfrontali\u00e8re n&rsquo;est autoris\u00e9e. <br \/>En g\u00e9n\u00e9ral, les commandes confirm\u00e9es sont livr\u00e9es \u00e0 l&rsquo;adresse indiqu\u00e9e dans la confirmation de commande. Si vous \u00eates absent au moment de la livraison, vous recevrez un avis vous invitant \u00e0 contacter DHL et \u00e0 fixer un d\u00e9lai de livraison.\u00a0 Si le produit nous est retourn\u00e9, vous serez responsable des frais d&rsquo;exp\u00e9dition pour une livraison ult\u00e9rieure.\u00a0 \u00a0<\/p><p><b>7. Politique de retour des marchandises endommag\u00e9es<\/b><br \/>Le besoin le plus probable de nous contacter sera les dommages que vous remarquerez au HOTBIN caus\u00e9s par le transit. Dans la mesure du possible, si l&#8217;emballage semble endommag\u00e9, signez l&rsquo;article comme endommag\u00e9 &#8211; cela rend les r\u00e9clamations et les remplacements beaucoup plus faciles. Si vous remarquez des dommages ou un d\u00e9faut, veuillez nous contacter imm\u00e9diatement par e-mail \u00e0 support@hotbin.ch en nous donnant les informations suivantes :<\/p><ul><li>Une description du probl\u00e8me (une photo aide souvent)<\/li><li>Comment pensez-vous qu&rsquo;il a \u00e9t\u00e9 endommag\u00e9 &#8211; par exemple pendant le transport ou accidentellement pendant l&rsquo;utilisation ?<\/li><\/ul><p>Si des remboursements vous sont dus par le biais du mode de paiement que vous avez utilis\u00e9 lors de l&rsquo;achat des marchandises d\u00e8s que possible et en tout \u00e9tat de cause dans les 14 jours \u00e0 compter du moment o\u00f9 nous convenons que vous avez droit \u00e0 un remboursement.<\/p><p><b>8. Changement d&rsquo;avis<\/b><br \/>Si vous n&rsquo;\u00eates pas satisfait de votre achat pour quelque raison que ce soit, nous accepterons un retour et vous rembourserons le prix d&rsquo;achat. Vous devez nous informer dans les 14 jours suivant la r\u00e9ception du produit. L&rsquo;article doit \u00eatre retourn\u00e9 dans un \u00e9tat inutilis\u00e9 et intact dans son emballage d&rsquo;origine.<br \/>Nous pouvons organiser la collecte, mais nous d\u00e9duirons des frais de 30chf de votre remboursement si nous organisons la collecte. Vous pouvez bien entendu retourner le HOTBIN \u00e0 vos frais et vous serez int\u00e9gralement rembours\u00e9.<\/p><p><b>9. Garantie<\/b><br \/>Votre HOTBIN est couvert par une garantie du fabricant de 3 ans sur les pi\u00e8ces d\u00e9tach\u00e9es, \u00e0 l&rsquo;exception des thermom\u00e8tres, des courroies, du r\u00e2teau et de la bouteille de d\u00e9marrage vide qui ont une garantie de 12 mois.<\/p><p><b>10. Modes de paiement<\/b><br \/>Les paiements doivent \u00eatre effectu\u00e9s en francs suisses.<br \/>Vous pouvez payer par carte de cr\u00e9dit (Visa, MasterCard ou PostCard) ou par PayPal ou virement bancaire. Votre compte sera d\u00e9bit\u00e9 d\u00e8s que la commande sera confirm\u00e9e. Lors de la confirmation de la commande, vous ne pourrez \u00eatre rembours\u00e9 que si vous remplissez les conditions des clauses 7 ou 8. <br \/>Nous nous r\u00e9servons le droit de ne pas proposer certains modes de paiement et de faire r\u00e9f\u00e9rence \u00e0 d&rsquo;autres modes de paiement disponibles. Dans ce cas, nous ne sommes pas tenus de pr\u00e9ciser les motifs de notre d\u00e9cision.<\/p><p><b>11. Droit applicable et for juridique<\/b><br \/>Le droit mat\u00e9riel suisse s\u2019applique \u00e0 la relation juridique entre hotbin.ch et le client, \u00e0 l\u2019exclusion des dispositions sur les conflits juridiques et de la Convention de Vienne.<br \/>Le for juridique pour les personnes physiques est Gen\u00e8ve ou le lieu de domicile du client. Le for juridique exclusif pour les personnes morales est Gen\u00e8ve.<\/p><p><b>12. Contact et service client\u00e8le<\/b><br \/>Avez-vous une question? Consultez nos FAQ! Vous y trouverez les questions \/ r\u00e9ponses les plus fr\u00e9quentes.<br \/>Pour toute question, veuillez-vous adresser au service client\u00e8le de hotbin.ch par e-mail \u00e0 <a href=\"https:\/\/hotbin.ch\/fr\/a-propos-de-nous\/contact\/\">support@hotbin.ch<\/a>.<\/p>\t\t\t\t\t\t\t\t<\/div>\n\t\t\t\t<\/div>\n\t\t\t\t\t<\/div>\n\t\t<\/div>\n\t\t\t\t\t<\/div>\n\t\t<\/section>\n\t\t\t\t<\/div>\n\t\t","protected":false},"excerpt":{"rendered":"<p>CONDITIONS GENERALES Conditions g\u00e9n\u00e9rales de vente 1. Champ d\u2019applicationLes conditions g\u00e9n\u00e9rales de vente (ci-apr\u00e8s d\u00e9sign\u00e9es par \u00abCGV\u00bb) s\u2019appliquent \u00e0 toutes les commandes pass\u00e9es et contrats&hellip;<\/p>\n","protected":false},"author":7,"featured_media":0,"parent":0,"menu_order":0,"comment_status":"closed","ping_status":"closed","template":"","meta":{"_acf_changed":false,"footnotes":""},"class_list":["post-717","page","type-page","status-publish","hentry"],"acf":[],"_links":{"self":[{"href":"https:\/\/hotbin.ch\/fr\/wp-json\/wp\/v2\/pages\/717","targetHints":{"allow":["GET"]}}],"collection":[{"href":"https:\/\/hotbin.ch\/fr\/wp-json\/wp\/v2\/pages"}],"about":[{"href":"https:\/\/hotbin.ch\/fr\/wp-json\/wp\/v2\/types\/page"}],"author":[{"embeddable":true,"href":"https:\/\/hotbin.ch\/fr\/wp-json\/wp\/v2\/users\/7"}],"replies":[{"embeddable":true,"href":"https:\/\/hotbin.ch\/fr\/wp-json\/wp\/v2\/comments?post=717"}],"version-history":[{"count":11,"href":"https:\/\/hotbin.ch\/fr\/wp-json\/wp\/v2\/pages\/717\/revisions"}],"predecessor-version":[{"id":3742,"href":"https:\/\/hotbin.ch\/fr\/wp-json\/wp\/v2\/pages\/717\/revisions\/3742"}],"wp:attachment":[{"href":"https:\/\/hotbin.ch\/fr\/wp-json\/wp\/v2\/media?parent=717"}],"curies":[{"name":"wp","href":"https:\/\/api.w.org\/{rel}","templated":true}]}}