{"id":3172,"date":"2019-12-16T15:31:56","date_gmt":"2019-12-16T14:31:56","guid":{"rendered":"https:\/\/hotbin.ch\/?page_id=3172"},"modified":"2020-12-16T22:20:49","modified_gmt":"2020-12-16T21:20:49","slug":"comment-commencer","status":"publish","type":"page","link":"https:\/\/hotbin.ch\/fr\/comment-commencer\/","title":{"rendered":"Comment commencer"},"content":{"rendered":"\t\t<div data-elementor-type=\"wp-post\" data-elementor-id=\"3172\" class=\"elementor elementor-3172 elementor-3170\" data-elementor-post-type=\"page\">\n\t\t\t\t\t\t<section class=\"elementor-section elementor-top-section elementor-element elementor-element-23a8a73 elementor-section-height-min-height elementor-section-boxed elementor-section-height-default elementor-section-items-middle\" data-id=\"23a8a73\" data-element_type=\"section\" data-e-type=\"section\" data-settings=\"{&quot;background_background&quot;:&quot;classic&quot;}\">\n\t\t\t\t\t\t<div class=\"elementor-container elementor-column-gap-default\">\n\t\t\t\t\t<div class=\"elementor-column elementor-col-100 elementor-top-column elementor-element elementor-element-7fccf2a1\" data-id=\"7fccf2a1\" data-element_type=\"column\" data-e-type=\"column\">\n\t\t\t<div class=\"elementor-widget-wrap elementor-element-populated\">\n\t\t\t\t\t\t\t<\/div>\n\t\t<\/div>\n\t\t\t\t\t<\/div>\n\t\t<\/section>\n\t\t\t\t<section class=\"elementor-section elementor-top-section elementor-element elementor-element-24eec9d4 elementor-section-boxed elementor-section-height-default elementor-section-height-default\" data-id=\"24eec9d4\" data-element_type=\"section\" data-e-type=\"section\" data-settings=\"{&quot;background_background&quot;:&quot;classic&quot;}\">\n\t\t\t\t\t\t<div class=\"elementor-container elementor-column-gap-default\">\n\t\t\t\t\t<div class=\"elementor-column elementor-col-100 elementor-top-column elementor-element elementor-element-5d55f210\" data-id=\"5d55f210\" data-element_type=\"column\" data-e-type=\"column\">\n\t\t\t<div class=\"elementor-widget-wrap elementor-element-populated\">\n\t\t\t\t\t\t<div class=\"elementor-element elementor-element-7141c406 elementor-widget elementor-widget-heading\" data-id=\"7141c406\" data-element_type=\"widget\" data-e-type=\"widget\" data-widget_type=\"heading.default\">\n\t\t\t\t<div class=\"elementor-widget-container\">\n\t\t\t\t\t<h1 class=\"elementor-heading-title elementor-size-default\">Comment commencer<\/h1>\t\t\t\t<\/div>\n\t\t\t\t<\/div>\n\t\t\t\t\t<\/div>\n\t\t<\/div>\n\t\t\t\t\t<\/div>\n\t\t<\/section>\n\t\t\t\t<section class=\"elementor-section elementor-top-section elementor-element elementor-element-28318cf6 elementor-section-boxed elementor-section-height-default elementor-section-height-default\" data-id=\"28318cf6\" data-element_type=\"section\" data-e-type=\"section\">\n\t\t\t\t\t\t<div class=\"elementor-container elementor-column-gap-default\">\n\t\t\t\t\t<div class=\"elementor-column elementor-col-100 elementor-top-column elementor-element elementor-element-76233454\" data-id=\"76233454\" data-element_type=\"column\" data-e-type=\"column\">\n\t\t\t<div class=\"elementor-widget-wrap elementor-element-populated\">\n\t\t\t\t\t\t<section class=\"elementor-section elementor-inner-section elementor-element elementor-element-59135c62 elementor-section-boxed elementor-section-height-default elementor-section-height-default\" data-id=\"59135c62\" data-element_type=\"section\" data-e-type=\"section\">\n\t\t\t\t\t\t<div class=\"elementor-container elementor-column-gap-default\">\n\t\t\t\t\t<div class=\"elementor-column elementor-col-50 elementor-inner-column elementor-element elementor-element-1dc2868\" data-id=\"1dc2868\" data-element_type=\"column\" data-e-type=\"column\">\n\t\t\t<div class=\"elementor-widget-wrap elementor-element-populated\">\n\t\t\t\t\t\t<div class=\"elementor-element elementor-element-3a8b7bef elementor-widget elementor-widget-heading\" data-id=\"3a8b7bef\" data-element_type=\"widget\" data-e-type=\"widget\" data-widget_type=\"heading.default\">\n\t\t\t\t<div class=\"elementor-widget-container\">\n\t\t\t\t\t<h2 class=\"elementor-heading-title elementor-size-default\">Construire le calque de base<\/h2>\t\t\t\t<\/div>\n\t\t\t\t<\/div>\n\t\t\t\t<div class=\"elementor-element elementor-element-1bdc0aa elementor-widget elementor-widget-text-editor\" data-id=\"1bdc0aa\" data-element_type=\"widget\" data-e-type=\"widget\" data-widget_type=\"text-editor.default\">\n\t\t\t\t<div class=\"elementor-widget-container\">\n\t\t\t\t\t\t\t\t\t<p>La couche de base est le volume de d\u00e9chets requis pour\u00a0commencer le processus de compostage \u00e0 chaud. Ce\u00a0volume est indiqu\u00e9 par le haut de la trappe, il peut \u00eatre\u00a0ajout\u00e9 en une seule fois ou petit \u00e0 petit selon la quantit\u00e9\u00a0de mati\u00e8re dont vous disposez.<\/p><ol><li>Ajoutez une fine dispersion de brindilles dans le bac vide.<\/li><li>Ajoutez les mati\u00e8res hach\u00e9es et faciles \u00e0 dig\u00e9rer avec les\u00a0copeaux, du papier\/carton d\u00e9chiquet\u00e9s (voir l&rsquo;alimentation\u00a0ci-dessous). NE PAS ajouter le sac entier de copeaux.<\/li><li>Continuez \u00e0 ajouter les mati\u00e8res, une fois que la couche\u00a0de base est atteinte, la temp\u00e9rature augmentera en 3\u00a0jours environ.<\/li><li>Si vous d\u00e9marrez la HOTBIN en hiver (moins de 5\u00b0C),\u00a0utilisez la bouteille de kick start une fois que la couche de\u00a0base est construite.<\/li><\/ol><p>Le niveau de d\u00e9chets doit toujours d\u00e9passer la\u00a0couche de base pour maintenir les temp\u00e9ratures de\u00a0compostage \u00e0 chaud.<\/p>\t\t\t\t\t\t\t\t<\/div>\n\t\t\t\t<\/div>\n\t\t\t\t\t<\/div>\n\t\t<\/div>\n\t\t\t\t<div class=\"elementor-column elementor-col-50 elementor-inner-column elementor-element elementor-element-70e89fb2\" data-id=\"70e89fb2\" data-element_type=\"column\" data-e-type=\"column\">\n\t\t\t<div class=\"elementor-widget-wrap elementor-element-populated\">\n\t\t\t\t\t\t<div class=\"elementor-element elementor-element-67705b51 elementor-widget elementor-widget-image\" data-id=\"67705b51\" data-element_type=\"widget\" data-e-type=\"widget\" data-widget_type=\"image.default\">\n\t\t\t\t<div class=\"elementor-widget-container\">\n\t\t\t\t\t\t\t\t\t\t\t\t\t\t\t<img decoding=\"async\" src=\"https:\/\/hotbin.ch\/wp-content\/uploads\/elementor\/thumbs\/starting_hotbin_FR-oi957uvuoqkeww8bk89qojz3umdfw92zhs2iljjmkg.png\" title=\"starting_hotbin_FR\" alt=\"starting_hotbin_FR\" loading=\"lazy\" \/>\t\t\t\t\t\t\t\t\t\t\t\t\t\t\t<\/div>\n\t\t\t\t<\/div>\n\t\t\t\t\t<\/div>\n\t\t<\/div>\n\t\t\t\t\t<\/div>\n\t\t<\/section>\n\t\t\t\t\t<\/div>\n\t\t<\/div>\n\t\t\t\t\t<\/div>\n\t\t<\/section>\n\t\t\t\t<section class=\"elementor-section elementor-top-section elementor-element elementor-element-5d2e94b0 elementor-section-boxed elementor-section-height-default elementor-section-height-default\" data-id=\"5d2e94b0\" data-element_type=\"section\" data-e-type=\"section\" data-settings=\"{&quot;background_background&quot;:&quot;classic&quot;}\">\n\t\t\t\t\t\t<div class=\"elementor-container elementor-column-gap-default\">\n\t\t\t\t\t<div class=\"elementor-column elementor-col-100 elementor-top-column elementor-element elementor-element-477b2801\" data-id=\"477b2801\" data-element_type=\"column\" data-e-type=\"column\">\n\t\t\t<div class=\"elementor-widget-wrap elementor-element-populated\">\n\t\t\t\t\t\t<div class=\"elementor-element elementor-element-4e7da288 elementor-widget elementor-widget-heading\" data-id=\"4e7da288\" data-element_type=\"widget\" data-e-type=\"widget\" data-widget_type=\"heading.default\">\n\t\t\t\t<div class=\"elementor-widget-container\">\n\t\t\t\t\t<h2 class=\"elementor-heading-title elementor-size-default\">Alimentation de la HOTBIN<\/h2>\t\t\t\t<\/div>\n\t\t\t\t<\/div>\n\t\t\t\t<div class=\"elementor-element elementor-element-77ca4f5e elementor-widget elementor-widget-text-editor\" data-id=\"77ca4f5e\" data-element_type=\"widget\" data-e-type=\"widget\" data-widget_type=\"text-editor.default\">\n\t\t\t\t<div class=\"elementor-widget-container\">\n\t\t\t\t\t\t\t\t\t<p>Ajoutez les d\u00e9chets hach\u00e9s m\u00e9lang\u00e9s aux<br \/>copeaux, au papier\/carton d\u00e9chiquet\u00e9s.<\/p><p>Quelle que soit la taille du bac \u00e0 d\u00e9chets que vous<br \/>utilisez commencez par les lignes directrices<br \/>suivantes en mati\u00e8re d&rsquo;alimentation. Le contenu<br \/>de chaque HOTBIN sera diff\u00e9rent. Ces ratios <span lang=\"EN\">\u00e9volueront\u00a0<\/span><span lang=\"EN\">au fur et \u00e0 mesure<\/span>\u00a0que vous en apprendrez\u00a0davantage<br \/>sur le v\u00f4tre.<\/p>\t\t\t\t\t\t\t\t<\/div>\n\t\t\t\t<\/div>\n\t\t\t\t<div class=\"elementor-element elementor-element-2eccdbde elementor-widget elementor-widget-image\" data-id=\"2eccdbde\" data-element_type=\"widget\" data-e-type=\"widget\" data-widget_type=\"image.default\">\n\t\t\t\t<div class=\"elementor-widget-container\">\n\t\t\t\t\t\t\t\t\t\t\t\t\t\t\t<img fetchpriority=\"high\" decoding=\"async\" width=\"843\" height=\"483\" src=\"https:\/\/hotbin.ch\/wp-content\/uploads\/2020\/05\/feeding-2_FRV-1024x587.png\" class=\"attachment-large size-large wp-image-11431\" alt=\"\" srcset=\"https:\/\/hotbin.ch\/wp-content\/uploads\/2020\/05\/feeding-2_FRV-1024x587.png 1024w, https:\/\/hotbin.ch\/wp-content\/uploads\/2020\/05\/feeding-2_FRV-300x172.png 300w, https:\/\/hotbin.ch\/wp-content\/uploads\/2020\/05\/feeding-2_FRV-768x441.png 768w, https:\/\/hotbin.ch\/wp-content\/uploads\/2020\/05\/feeding-2_FRV-1536x881.png 1536w, https:\/\/hotbin.ch\/wp-content\/uploads\/2020\/05\/feeding-2_FRV-2048x1175.png 2048w, https:\/\/hotbin.ch\/wp-content\/uploads\/2020\/05\/feeding-2_FRV-600x344.png 600w\" sizes=\"(max-width: 843px) 100vw, 843px\" \/>\t\t\t\t\t\t\t\t\t\t\t\t\t\t\t<\/div>\n\t\t\t\t<\/div>\n\t\t\t\t\t<\/div>\n\t\t<\/div>\n\t\t\t\t\t<\/div>\n\t\t<\/section>\n\t\t\t\t<section class=\"elementor-section elementor-top-section elementor-element elementor-element-256823b0 elementor-section-boxed elementor-section-height-default elementor-section-height-default\" data-id=\"256823b0\" data-element_type=\"section\" data-e-type=\"section\">\n\t\t\t\t\t\t<div class=\"elementor-container elementor-column-gap-default\">\n\t\t\t\t\t<div class=\"elementor-column elementor-col-50 elementor-top-column elementor-element elementor-element-7cdce3b6\" data-id=\"7cdce3b6\" data-element_type=\"column\" data-e-type=\"column\">\n\t\t\t<div class=\"elementor-widget-wrap elementor-element-populated\">\n\t\t\t\t\t\t<div class=\"elementor-element elementor-element-41e626e1 elementor-widget elementor-widget-text-editor\" data-id=\"41e626e1\" data-element_type=\"widget\" data-e-type=\"widget\" data-widget_type=\"text-editor.default\">\n\t\t\t\t<div class=\"elementor-widget-container\">\n\t\t\t\t\t\t\t\t\t<p>Quelle quantit\u00e9 de d\u00e9chets ajouter chaque semaine?<\/p><ul><li><b>minimum<\/b>: 2.5kg (HOTBIN Mini) | 5kg (HOTBIN)<\/li><li><b>maximum<\/b>: ajoutez un montant minimum chaque jour<\/li><\/ul>\t\t\t\t\t\t\t\t<\/div>\n\t\t\t\t<\/div>\n\t\t\t\t\t<\/div>\n\t\t<\/div>\n\t\t\t\t<div class=\"elementor-column elementor-col-50 elementor-top-column elementor-element elementor-element-35f217ed\" data-id=\"35f217ed\" data-element_type=\"column\" data-e-type=\"column\">\n\t\t\t<div class=\"elementor-widget-wrap elementor-element-populated\">\n\t\t\t\t\t\t<div class=\"elementor-element elementor-element-66c220a6 elementor-widget elementor-widget-text-editor\" data-id=\"66c220a6\" data-element_type=\"widget\" data-e-type=\"widget\" data-widget_type=\"text-editor.default\">\n\t\t\t\t<div class=\"elementor-widget-container\">\n\t\t\t\t\t\t\t\t\t<p>Nourrir 2 \u00e0 3 fois par semaine. Utilisez le r\u00e2teau pour m\u00e9langer le papier et<br \/>\nles copeaux. NE PAS m\u00e9langer tout le contenu de la HOTBIN, seulement ce qui a \u00e9t\u00e9 ajout\u00e9.<\/p>\n\t\t\t\t\t\t\t\t<\/div>\n\t\t\t\t<\/div>\n\t\t\t\t\t<\/div>\n\t\t<\/div>\n\t\t\t\t\t<\/div>\n\t\t<\/section>\n\t\t\t\t<section class=\"elementor-section elementor-top-section elementor-element elementor-element-4d11b8d8 elementor-section-boxed elementor-section-height-default elementor-section-height-default\" data-id=\"4d11b8d8\" data-element_type=\"section\" data-e-type=\"section\">\n\t\t\t\t\t\t<div class=\"elementor-container elementor-column-gap-default\">\n\t\t\t\t\t<div class=\"elementor-column elementor-col-50 elementor-top-column elementor-element elementor-element-1994eaee\" data-id=\"1994eaee\" data-element_type=\"column\" data-e-type=\"column\">\n\t\t\t<div class=\"elementor-widget-wrap elementor-element-populated\">\n\t\t\t\t\t\t<div class=\"elementor-element elementor-element-68827dbe elementor-widget elementor-widget-heading\" data-id=\"68827dbe\" data-element_type=\"widget\" data-e-type=\"widget\" data-widget_type=\"heading.default\">\n\t\t\t\t<div class=\"elementor-widget-container\">\n\t\t\t\t\t<h2 class=\"elementor-heading-title elementor-size-default\">Recolte du compost<\/h2>\t\t\t\t<\/div>\n\t\t\t\t<\/div>\n\t\t\t\t<div class=\"elementor-element elementor-element-0e992ef elementor-widget elementor-widget-video\" data-id=\"0e992ef\" data-element_type=\"widget\" data-e-type=\"widget\" data-settings=\"{&quot;youtube_url&quot;:&quot;https:\\\/\\\/www.youtube.com\\\/watch?v=p0JsBeQvvC4&amp;list=PLgEf5PnxUzQr8ThVL0Vww1GnD3IP6eoHE&amp;index=3&amp;t=0s&quot;,&quot;video_type&quot;:&quot;youtube&quot;,&quot;controls&quot;:&quot;yes&quot;}\" data-widget_type=\"video.default\">\n\t\t\t\t<div class=\"elementor-widget-container\">\n\t\t\t\t\t\t\t<div class=\"elementor-wrapper elementor-open-inline\">\n\t\t\t<div class=\"elementor-video\"><\/div>\t\t<\/div>\n\t\t\t\t\t\t<\/div>\n\t\t\t\t<\/div>\n\t\t\t\t<div class=\"elementor-element elementor-element-1454669 elementor-widget elementor-widget-text-editor\" data-id=\"1454669\" data-element_type=\"widget\" data-e-type=\"widget\" data-widget_type=\"text-editor.default\">\n\t\t\t\t<div class=\"elementor-widget-container\">\n\t\t\t\t\t\t\t\t\t<p>(version anglaise uniquement pour le moment)<\/p>\t\t\t\t\t\t\t\t<\/div>\n\t\t\t\t<\/div>\n\t\t\t\t\t<\/div>\n\t\t<\/div>\n\t\t\t\t<div class=\"elementor-column elementor-col-50 elementor-top-column elementor-element elementor-element-4dfad425\" data-id=\"4dfad425\" data-element_type=\"column\" data-e-type=\"column\">\n\t\t\t<div class=\"elementor-widget-wrap elementor-element-populated\">\n\t\t\t\t\t\t<div class=\"elementor-element elementor-element-38121a24 elementor-widget elementor-widget-image\" data-id=\"38121a24\" data-element_type=\"widget\" data-e-type=\"widget\" data-widget_type=\"image.default\">\n\t\t\t\t<div class=\"elementor-widget-container\">\n\t\t\t\t\t\t\t\t\t\t\t\t\t\t\t<img decoding=\"async\" width=\"843\" height=\"142\" src=\"https:\/\/hotbin.ch\/wp-content\/uploads\/2019\/12\/30days_FR.png\" class=\"attachment-large size-large wp-image-3602\" alt=\"\" srcset=\"https:\/\/hotbin.ch\/wp-content\/uploads\/2019\/12\/30days_FR.png 900w, https:\/\/hotbin.ch\/wp-content\/uploads\/2019\/12\/30days_FR-300x51.png 300w, https:\/\/hotbin.ch\/wp-content\/uploads\/2019\/12\/30days_FR-768x130.png 768w, https:\/\/hotbin.ch\/wp-content\/uploads\/2019\/12\/30days_FR-600x101.png 600w\" sizes=\"(max-width: 843px) 100vw, 843px\" \/>\t\t\t\t\t\t\t\t\t\t\t\t\t\t\t<\/div>\n\t\t\t\t<\/div>\n\t\t\t\t\t<\/div>\n\t\t<\/div>\n\t\t\t\t\t<\/div>\n\t\t<\/section>\n\t\t\t\t<\/div>\n\t\t","protected":false},"excerpt":{"rendered":"<p>Comment commencer Construire le calque de base La couche de base est le volume de d\u00e9chets requis pour\u00a0commencer le processus de compostage \u00e0 chaud. Ce\u00a0volume&hellip;<\/p>\n","protected":false},"author":7,"featured_media":0,"parent":0,"menu_order":0,"comment_status":"closed","ping_status":"closed","template":"","meta":{"_acf_changed":false,"footnotes":""},"class_list":["post-3172","page","type-page","status-publish","hentry"],"acf":[],"_links":{"self":[{"href":"https:\/\/hotbin.ch\/fr\/wp-json\/wp\/v2\/pages\/3172","targetHints":{"allow":["GET"]}}],"collection":[{"href":"https:\/\/hotbin.ch\/fr\/wp-json\/wp\/v2\/pages"}],"about":[{"href":"https:\/\/hotbin.ch\/fr\/wp-json\/wp\/v2\/types\/page"}],"author":[{"embeddable":true,"href":"https:\/\/hotbin.ch\/fr\/wp-json\/wp\/v2\/users\/7"}],"replies":[{"embeddable":true,"href":"https:\/\/hotbin.ch\/fr\/wp-json\/wp\/v2\/comments?post=3172"}],"version-history":[{"count":40,"href":"https:\/\/hotbin.ch\/fr\/wp-json\/wp\/v2\/pages\/3172\/revisions"}],"predecessor-version":[{"id":17702,"href":"https:\/\/hotbin.ch\/fr\/wp-json\/wp\/v2\/pages\/3172\/revisions\/17702"}],"wp:attachment":[{"href":"https:\/\/hotbin.ch\/fr\/wp-json\/wp\/v2\/media?parent=3172"}],"curies":[{"name":"wp","href":"https:\/\/api.w.org\/{rel}","templated":true}]}}