{"id":19761,"date":"2023-09-13T16:08:42","date_gmt":"2023-09-13T14:08:42","guid":{"rendered":"https:\/\/hotbin.ch\/rueckgabe-und-rueckerstattung\/"},"modified":"2023-10-02T09:32:43","modified_gmt":"2023-10-02T07:32:43","slug":"retours","status":"publish","type":"page","link":"https:\/\/hotbin.ch\/fr\/retours\/","title":{"rendered":"Retours"},"content":{"rendered":"<h1>Retours<\/h1>\n<h2>Retours de marchandises endommag\u00e9es<\/h2>\n<p style=\"font-weight: 400;\">Si vous constatez un dommage ou un d\u00e9faut, veuillez nous contacter imm\u00e9diatement par courrier \u00e9lectronique \u00e0 l&rsquo;adresse <strong>support@hotbin.ch<\/strong> et nous fournir une description du probl\u00e8me ainsi que des photographies montrant clairement le dommage.\u00a0 Si un remboursement vous est d\u00fb, vous le recevrez dans un d\u00e9lai de 14 jours \u00e0 compter de la date \u00e0 laquelle nous aurons convenu que vous avez droit \u00e0 un remboursement.<\/p>\n<h2 style=\"font-weight: 400;\">Retours en cas de changement d&rsquo;avis<\/h2>\n<p style=\"font-weight: 400;\">Si vous n&rsquo;\u00eates pas satisfait de votre achat, quelle qu&rsquo;en soit la raison, nous accepterons un retour et vous rembourserons le prix d&rsquo;achat. Vous devez nous en informer dans les 14 jours suivant la r\u00e9ception du produit. L&rsquo;article doit \u00eatre retourn\u00e9 dans son emballage d&rsquo;origine, sans avoir \u00e9t\u00e9 utilis\u00e9 ni endommag\u00e9.\u00a0 Nous pouvons organiser l&rsquo;enl\u00e8vement, mais nous d\u00e9duirons des frais de 30 chf de votre remboursement si nous organisons l&rsquo;enl\u00e8vement. Vous pouvez bien s\u00fbr renvoyer le HOTBIN \u00e0 vos frais et recevoir un remboursement complet.<\/p>\n","protected":false},"excerpt":{"rendered":"<p>Retours Retours de marchandises endommag\u00e9es Si vous constatez un dommage ou un d\u00e9faut, veuillez nous contacter imm\u00e9diatement par courrier \u00e9lectronique \u00e0 l&rsquo;adresse support@hotbin.ch et nous&hellip;<\/p>\n","protected":false},"author":7,"featured_media":0,"parent":0,"menu_order":0,"comment_status":"closed","ping_status":"closed","template":"","meta":{"_acf_changed":false,"footnotes":""},"class_list":["post-19761","page","type-page","status-publish","hentry"],"acf":[],"_links":{"self":[{"href":"https:\/\/hotbin.ch\/fr\/wp-json\/wp\/v2\/pages\/19761","targetHints":{"allow":["GET"]}}],"collection":[{"href":"https:\/\/hotbin.ch\/fr\/wp-json\/wp\/v2\/pages"}],"about":[{"href":"https:\/\/hotbin.ch\/fr\/wp-json\/wp\/v2\/types\/page"}],"author":[{"embeddable":true,"href":"https:\/\/hotbin.ch\/fr\/wp-json\/wp\/v2\/users\/7"}],"replies":[{"embeddable":true,"href":"https:\/\/hotbin.ch\/fr\/wp-json\/wp\/v2\/comments?post=19761"}],"version-history":[{"count":2,"href":"https:\/\/hotbin.ch\/fr\/wp-json\/wp\/v2\/pages\/19761\/revisions"}],"predecessor-version":[{"id":19786,"href":"https:\/\/hotbin.ch\/fr\/wp-json\/wp\/v2\/pages\/19761\/revisions\/19786"}],"wp:attachment":[{"href":"https:\/\/hotbin.ch\/fr\/wp-json\/wp\/v2\/media?parent=19761"}],"curies":[{"name":"wp","href":"https:\/\/api.w.org\/{rel}","templated":true}]}}