{"id":1193,"date":"2018-10-22T04:05:04","date_gmt":"2018-10-22T04:05:04","guid":{"rendered":"https:\/\/hotbin.ch\/about\/"},"modified":"2020-12-17T11:51:50","modified_gmt":"2020-12-17T10:51:50","slug":"a-propos-de-nous","status":"publish","type":"page","link":"https:\/\/hotbin.ch\/fr\/a-propos-de-nous\/","title":{"rendered":"\u00c0 propos de nous"},"content":{"rendered":"\t\t<div data-elementor-type=\"wp-page\" data-elementor-id=\"1193\" class=\"elementor elementor-1193 elementor-459\" data-elementor-post-type=\"page\">\n\t\t\t\t\t\t<section class=\"elementor-section elementor-top-section elementor-element elementor-element-302f1352 elementor-section-height-min-height elementor-section-boxed elementor-section-height-default elementor-section-items-middle\" data-id=\"302f1352\" data-element_type=\"section\" data-e-type=\"section\" data-settings=\"{&quot;background_background&quot;:&quot;classic&quot;}\">\n\t\t\t\t\t\t<div class=\"elementor-container elementor-column-gap-default\">\n\t\t\t\t\t<div class=\"elementor-column elementor-col-100 elementor-top-column elementor-element elementor-element-635db2c0\" data-id=\"635db2c0\" data-element_type=\"column\" data-e-type=\"column\">\n\t\t\t<div class=\"elementor-widget-wrap elementor-element-populated\">\n\t\t\t\t\t\t\t<\/div>\n\t\t<\/div>\n\t\t\t\t\t<\/div>\n\t\t<\/section>\n\t\t\t\t<section class=\"elementor-section elementor-top-section elementor-element elementor-element-7157c724 elementor-section-boxed elementor-section-height-default elementor-section-height-default\" data-id=\"7157c724\" data-element_type=\"section\" data-e-type=\"section\" data-settings=\"{&quot;background_background&quot;:&quot;classic&quot;}\">\n\t\t\t\t\t\t<div class=\"elementor-container elementor-column-gap-default\">\n\t\t\t\t\t<div class=\"elementor-column elementor-col-100 elementor-top-column elementor-element elementor-element-11165481\" data-id=\"11165481\" data-element_type=\"column\" data-e-type=\"column\">\n\t\t\t<div class=\"elementor-widget-wrap elementor-element-populated\">\n\t\t\t\t\t\t<div class=\"elementor-element elementor-element-272411e3 elementor-widget elementor-widget-heading\" data-id=\"272411e3\" data-element_type=\"widget\" data-e-type=\"widget\" data-widget_type=\"heading.default\">\n\t\t\t\t<div class=\"elementor-widget-container\">\n\t\t\t\t\t<h1 class=\"elementor-heading-title elementor-size-default\">\u00c0 propos de nous<\/h1>\t\t\t\t<\/div>\n\t\t\t\t<\/div>\n\t\t\t\t\t<\/div>\n\t\t<\/div>\n\t\t\t\t\t<\/div>\n\t\t<\/section>\n\t\t\t\t<section class=\"elementor-section elementor-top-section elementor-element elementor-element-97ead28 elementor-section-boxed elementor-section-height-default elementor-section-height-default\" data-id=\"97ead28\" data-element_type=\"section\" data-e-type=\"section\">\n\t\t\t\t\t\t<div class=\"elementor-container elementor-column-gap-default\">\n\t\t\t\t\t<div class=\"elementor-column elementor-col-100 elementor-top-column elementor-element elementor-element-a247d53\" data-id=\"a247d53\" data-element_type=\"column\" data-e-type=\"column\">\n\t\t\t<div class=\"elementor-widget-wrap elementor-element-populated\">\n\t\t\t\t\t\t<div class=\"elementor-element elementor-element-5e25c4d elementor-widget elementor-widget-text-editor\" data-id=\"5e25c4d\" data-element_type=\"widget\" data-e-type=\"widget\" data-widget_type=\"text-editor.default\">\n\t\t\t\t<div class=\"elementor-widget-container\">\n\t\t\t\t\t\t\t\t\t<p>Nous sommes ARKO, une start-up suisse n\u00e9e de la passion et de l&rsquo;amour pour l&rsquo;endroit o\u00f9 nous vivons.<\/p><p>Tout a commenc\u00e9 lorsque nous avons lu les statistiques choquantes concernant l&rsquo;incin\u00e9ration de millions de tonnes de d\u00e9chets alimentaires et verts ici en Suisse.<\/p><p>Nous avons donc commenc\u00e9 \u00e0 apprendre ce que les gens font chaque jour et qui peut faire une diff\u00e9rence. Et un jour, nous sommes tomb\u00e9s sur un recycleur passionn\u00e9 par la r\u00e9utilisation et le recyclage. Elle a montr\u00e9 comment HOTBIN faisait une grande diff\u00e9rence dans sa maison. Aucun d\u00e9chet biologique ne sortait de chez elle. Tout \u00e9tait recycl\u00e9 dans son jardin. C&rsquo;\u00e9tait une source d&rsquo;inspiration&#8230; comment une personne, un m\u00e9nage peut faire une diff\u00e9rence.<\/p><p>Notre pens\u00e9e est de commencer au niveau de la base avec les m\u00e9nages, puis de travailler avec les immeubles pour cr\u00e9er une communaut\u00e9 de compostage o\u00f9 les gens partagent le compost au sein de la communaut\u00e9 et cr\u00e9ent des parcelles de fleurs et de l\u00e9gumes communes, tout en recyclant les d\u00e9chets alimentaires.<\/p><p>Imaginez notre pays sans d\u00e9chets alimentaires et verts &#8230;&#8230;<\/p><p>Nous esp\u00e9rons que HOTBIN sera votre premi\u00e8re \u00e9tape dans ce voyage.<\/p><p>ARKO International Sarl est le distributeur exclusif de HOTBIN Composting en Suisse.<\/p>\t\t\t\t\t\t\t\t<\/div>\n\t\t\t\t<\/div>\n\t\t\t\t\t<\/div>\n\t\t<\/div>\n\t\t\t\t\t<\/div>\n\t\t<\/section>\n\t\t\t\t<\/div>\n\t\t","protected":false},"excerpt":{"rendered":"<p>Clothes that mean business<\/p>\n","protected":false},"author":7,"featured_media":615,"parent":0,"menu_order":0,"comment_status":"closed","ping_status":"closed","template":"","meta":{"_acf_changed":false,"footnotes":""},"class_list":["post-1193","page","type-page","status-publish","has-post-thumbnail","hentry"],"acf":[],"_links":{"self":[{"href":"https:\/\/hotbin.ch\/fr\/wp-json\/wp\/v2\/pages\/1193","targetHints":{"allow":["GET"]}}],"collection":[{"href":"https:\/\/hotbin.ch\/fr\/wp-json\/wp\/v2\/pages"}],"about":[{"href":"https:\/\/hotbin.ch\/fr\/wp-json\/wp\/v2\/types\/page"}],"author":[{"embeddable":true,"href":"https:\/\/hotbin.ch\/fr\/wp-json\/wp\/v2\/users\/7"}],"replies":[{"embeddable":true,"href":"https:\/\/hotbin.ch\/fr\/wp-json\/wp\/v2\/comments?post=1193"}],"version-history":[{"count":14,"href":"https:\/\/hotbin.ch\/fr\/wp-json\/wp\/v2\/pages\/1193\/revisions"}],"predecessor-version":[{"id":17911,"href":"https:\/\/hotbin.ch\/fr\/wp-json\/wp\/v2\/pages\/1193\/revisions\/17911"}],"wp:featuredmedia":[{"embeddable":true,"href":"https:\/\/hotbin.ch\/fr\/wp-json\/wp\/v2\/media\/615"}],"wp:attachment":[{"href":"https:\/\/hotbin.ch\/fr\/wp-json\/wp\/v2\/media?parent=1193"}],"curies":[{"name":"wp","href":"https:\/\/api.w.org\/{rel}","templated":true}]}}