{"id":11515,"date":"2020-05-30T10:51:04","date_gmt":"2020-05-30T08:51:04","guid":{"rendered":"https:\/\/hotbin.ch\/blog-posts-2\/"},"modified":"2020-07-26T14:28:15","modified_gmt":"2020-07-26T12:28:15","slug":"blog-posts-2","status":"publish","type":"page","link":"https:\/\/hotbin.ch\/fr\/blog-posts-2\/","title":{"rendered":"HOTBIN Posts"},"content":{"rendered":"\t\t<div data-elementor-type=\"wp-page\" data-elementor-id=\"11515\" class=\"elementor elementor-11515 elementor-11181\" data-elementor-post-type=\"page\">\n\t\t\t\t\t\t<section class=\"elementor-section elementor-top-section elementor-element elementor-element-cb8efbb elementor-section-boxed elementor-section-height-default elementor-section-height-default\" data-id=\"cb8efbb\" data-element_type=\"section\" data-e-type=\"section\">\n\t\t\t\t\t\t<div class=\"elementor-container elementor-column-gap-default\">\n\t\t\t\t\t<div class=\"elementor-column elementor-col-100 elementor-top-column elementor-element elementor-element-9354524\" data-id=\"9354524\" data-element_type=\"column\" data-e-type=\"column\">\n\t\t\t<div class=\"elementor-widget-wrap elementor-element-populated\">\n\t\t\t\t\t\t<div class=\"elementor-element elementor-element-14f7f69 elementor-grid-eael-col-3 elementor-grid-tablet-eael-col-2 elementor-grid-mobile-eael-col-1 elementor-widget elementor-widget-eael-post-grid\" data-id=\"14f7f69\" data-element_type=\"widget\" data-e-type=\"widget\" data-settings=\"{&quot;eael_post_grid_columns&quot;:&quot;eael-col-3&quot;,&quot;eael_post_grid_columns_tablet&quot;:&quot;eael-col-2&quot;,&quot;eael_post_grid_columns_mobile&quot;:&quot;eael-col-1&quot;}\" data-widget_type=\"eael-post-grid.default\">\n\t\t\t\t<div class=\"elementor-widget-container\">\n\t\t\t\t\t<div id=\"eael-post-grid-14f7f69\" class=\"eael-post-grid-container\">\n            <div class=\"eael-post-grid eael-post-appender eael-post-appender-14f7f69 eael-post-grid-style-one\" data-layout-mode=\"masonry\"><article class=\"eael-grid-post  eael-post-grid-column eael-pg-post-18804 category-non-classifiee\" data-id=\"18804\">\n        <div class=\"eael-grid-post-holder\">\n            <div class=\"eael-grid-post-holder-inner\"><div class=\"eael-entry-media\"><div class=\"eael-entry-overlay fade-in\"><i class=\"fas fa-long-arrow-alt-right\" aria-hidden=\"true\"><\/i><a href=\"https:\/\/hotbin.ch\/fr\/les-restes-de-noel-se-transforment-en-un-excellent-compost-ho-ho-ho-hotbin\/\"><\/a><\/div><div class=\"eael-entry-thumbnail \">\n                <img decoding=\"async\" src=\"https:\/\/hotbin.ch\/wp-content\/uploads\/2021\/12\/Copy-of-Add-a-heading-2.png\" alt=\"Les restes de No\u00ebl\" \/>\n            <\/div>\n        <\/div><div class=\"eael-entry-wrapper\"><header class=\"eael-entry-header\"><h2 class=\"eael-entry-title\"><a class=\"eael-grid-post-link\" href=\"https:\/\/hotbin.ch\/fr\/les-restes-de-noel-se-transforment-en-un-excellent-compost-ho-ho-ho-hotbin\/\" title=\"Les restes de No\u00ebl se transforment en un excellent compost &#8211; Ho Ho Ho HOTBIN\">Les restes de No\u00ebl se transforment en un excellent compost &#8211; Ho Ho Ho HOTBIN<\/a><\/h2><\/header><div class=\"eael-entry-content\">\n                        <div class=\"eael-grid-post-excerpt\"><p>Tout utilisateur (ou futur utilisateur) de la HOTBIN sait que ce sont g\u00e9n\u00e9ralement les jours de f\u00eate et les vacances qui g\u00e9n\u00e8rent le plus de&hellip;<\/p><a href=\"https:\/\/hotbin.ch\/fr\/les-restes-de-noel-se-transforment-en-un-excellent-compost-ho-ho-ho-hotbin\/\" class=\"eael-post-elements-readmore-btn\">En savoir plus<\/a><\/div>\n                    <\/div><div class=\"eael-entry-footer\"><div class=\"eael-author-avatar\"><a href=\"https:\/\/hotbin.ch\/fr\/author\/hotbineditor\/\"><\/a><\/div><div class=\"eael-entry-meta\"><span class=\"eael-posted-by\"><a href=\"https:\/\/hotbin.ch\/fr\/author\/hotbineditor\/\" title=\"Posts by HOTBIN Switzerland\" rel=\"author\">HOTBIN Switzerland<\/a><\/span><span class=\"eael-posted-on\"><time datetime=\"11. d\u00e9cembre 2021\">11. d\u00e9cembre 2021<\/time><\/span><\/div><\/div><\/div><\/div>\n        <\/div>\n    <\/article><article class=\"eael-grid-post  eael-post-grid-column eael-pg-post-18659 category-non-classifiee\" data-id=\"18659\">\n        <div class=\"eael-grid-post-holder\">\n            <div class=\"eael-grid-post-holder-inner\"><div class=\"eael-entry-media\"><div class=\"eael-entry-overlay fade-in\"><i class=\"fas fa-long-arrow-alt-right\" aria-hidden=\"true\"><\/i><a href=\"https:\/\/hotbin.ch\/fr\/hester-macdonald-hotbin\/\"><\/a><\/div><div class=\"eael-entry-thumbnail \">\n                <img decoding=\"async\" src=\"https:\/\/hotbin.ch\/wp-content\/uploads\/2021\/05\/Hester-MACDONALD-portrait-2.png\" alt=\"Hester Macdonald\" \/>\n            <\/div>\n        <\/div><div class=\"eael-entry-wrapper\"><header class=\"eael-entry-header\"><h2 class=\"eael-entry-title\"><a class=\"eael-grid-post-link\" href=\"https:\/\/hotbin.ch\/fr\/hester-macdonald-hotbin\/\" title=\"Hester Macdonald et la HOTBIN\">Hester Macdonald et la HOTBIN<\/a><\/h2><\/header><div class=\"eael-entry-content\">\n                        <div class=\"eael-grid-post-excerpt\"><p>Hester Macdonald &#8211;&nbsp;Auteure de \u00ab\u00a0Gardens Switzerland\u00a0\u00bb, publi\u00e9 par Bergli Books Ma Hotbin est arriv\u00e9e en novembre et j\u2019ai \u00e9t\u00e9 surprise par le nombre d\u2019accessoires l\u2019accompagnant&hellip;<\/p><a href=\"https:\/\/hotbin.ch\/fr\/hester-macdonald-hotbin\/\" class=\"eael-post-elements-readmore-btn\">En savoir plus<\/a><\/div>\n                    <\/div><div class=\"eael-entry-footer\"><div class=\"eael-author-avatar\"><a href=\"https:\/\/hotbin.ch\/fr\/author\/hotbineditor\/\"><\/a><\/div><div class=\"eael-entry-meta\"><span class=\"eael-posted-by\"><a href=\"https:\/\/hotbin.ch\/fr\/author\/hotbineditor\/\" title=\"Posts by HOTBIN Switzerland\" rel=\"author\">HOTBIN Switzerland<\/a><\/span><span class=\"eael-posted-on\"><time datetime=\"16. mai 2021\">16. mai 2021<\/time><\/span><\/div><\/div><\/div><\/div>\n        <\/div>\n    <\/article><article class=\"eael-grid-post  eael-post-grid-column eael-pg-post-18297 category-non-classifiee\" data-id=\"18297\">\n        <div class=\"eael-grid-post-holder\">\n            <div class=\"eael-grid-post-holder-inner\"><div class=\"eael-entry-media\"><div class=\"eael-entry-overlay fade-in\"><i class=\"fas fa-long-arrow-alt-right\" aria-hidden=\"true\"><\/i><a href=\"https:\/\/hotbin.ch\/fr\/hotbin-et-le-magazine-schweizer-garten\/\"><\/a><\/div><div class=\"eael-entry-thumbnail \">\n                <img decoding=\"async\" src=\"https:\/\/hotbin.ch\/wp-content\/uploads\/2021\/03\/March-blog-cover-FR-2-600x600.png\" alt=\"HOTBIN &amp; Schweizer Garten\" \/>\n            <\/div>\n        <\/div><div class=\"eael-entry-wrapper\"><header class=\"eael-entry-header\"><h2 class=\"eael-entry-title\"><a class=\"eael-grid-post-link\" href=\"https:\/\/hotbin.ch\/fr\/hotbin-et-le-magazine-schweizer-garten\/\" title=\"HOTBIN et le magazine Schweizer Garten\">HOTBIN et le magazine Schweizer Garten<\/a><\/h2><\/header><div class=\"eael-entry-content\">\n                        <div class=\"eael-grid-post-excerpt\"><p>Le magazine Schweizer Garten, l\u2019un des plus anciens magazines de Suisse, nous a contact\u00e9s afin de nous proposer de participer \u00e0 une enqu\u00eate ind\u00e9pendante sur&hellip;<\/p><a href=\"https:\/\/hotbin.ch\/fr\/hotbin-et-le-magazine-schweizer-garten\/\" class=\"eael-post-elements-readmore-btn\">En savoir plus<\/a><\/div>\n                    <\/div><div class=\"eael-entry-footer\"><div class=\"eael-author-avatar\"><a href=\"https:\/\/hotbin.ch\/fr\/author\/hotbineditor\/\"><\/a><\/div><div class=\"eael-entry-meta\"><span class=\"eael-posted-by\"><a href=\"https:\/\/hotbin.ch\/fr\/author\/hotbineditor\/\" title=\"Posts by HOTBIN Switzerland\" rel=\"author\">HOTBIN Switzerland<\/a><\/span><span class=\"eael-posted-on\"><time datetime=\"1. mars 2021\">1. mars 2021<\/time><\/span><\/div><\/div><\/div><\/div>\n        <\/div>\n    <\/article><article class=\"eael-grid-post  eael-post-grid-column eael-pg-post-18089 category-non-classifiee\" data-id=\"18089\">\n        <div class=\"eael-grid-post-holder\">\n            <div class=\"eael-grid-post-holder-inner\"><div class=\"eael-entry-media\"><div class=\"eael-entry-overlay fade-in\"><i class=\"fas fa-long-arrow-alt-right\" aria-hidden=\"true\"><\/i><a href=\"https:\/\/hotbin.ch\/fr\/pour-quelle-raison-composter\/\"><\/a><\/div><div class=\"eael-entry-thumbnail \">\n                <img decoding=\"async\" src=\"https:\/\/hotbin.ch\/wp-content\/uploads\/2021\/01\/Jan2021-blog-post-cover-2.png\" alt=\"pourquoi composter ces d\u00e9chets\" \/>\n            <\/div>\n        <\/div><div class=\"eael-entry-wrapper\"><header class=\"eael-entry-header\"><h2 class=\"eael-entry-title\"><a class=\"eael-grid-post-link\" href=\"https:\/\/hotbin.ch\/fr\/pour-quelle-raison-composter\/\" title=\"Pour quelle raison composter ?\">Pour quelle raison composter ?<\/a><\/h2><\/header><div class=\"eael-entry-content\">\n                        <div class=\"eael-grid-post-excerpt\"><p>Il y a 2 ans, nous avons commenc\u00e9 \u00e0 pr\u00eater attention au contenu et \u00e0 la quantit\u00e9 de nos d\u00e9chets. Chaque semaine, nous remplissions un&hellip;<\/p><a href=\"https:\/\/hotbin.ch\/fr\/pour-quelle-raison-composter\/\" class=\"eael-post-elements-readmore-btn\">En savoir plus<\/a><\/div>\n                    <\/div><div class=\"eael-entry-footer\"><div class=\"eael-author-avatar\"><a href=\"https:\/\/hotbin.ch\/fr\/author\/hotbineditor\/\"><\/a><\/div><div class=\"eael-entry-meta\"><span class=\"eael-posted-by\"><a href=\"https:\/\/hotbin.ch\/fr\/author\/hotbineditor\/\" title=\"Posts by HOTBIN Switzerland\" rel=\"author\">HOTBIN Switzerland<\/a><\/span><span class=\"eael-posted-on\"><time datetime=\"28. janvier 2021\">28. janvier 2021<\/time><\/span><\/div><\/div><\/div><\/div>\n        <\/div>\n    <\/article><article class=\"eael-grid-post  eael-post-grid-column eael-pg-post-17486 category-non-classifiee\" data-id=\"17486\">\n        <div class=\"eael-grid-post-holder\">\n            <div class=\"eael-grid-post-holder-inner\"><div class=\"eael-entry-media\"><div class=\"eael-entry-overlay fade-in\"><i class=\"fas fa-long-arrow-alt-right\" aria-hidden=\"true\"><\/i><a href=\"https:\/\/hotbin.ch\/fr\/la-bouteille-kick-start\/\"><\/a><\/div><div class=\"eael-entry-thumbnail \">\n                <img decoding=\"async\" src=\"https:\/\/hotbin.ch\/wp-content\/uploads\/2020\/12\/IMG_7319-2-1-600x800.jpg\" alt=\"comment composter\" \/>\n            <\/div>\n        <\/div><div class=\"eael-entry-wrapper\"><header class=\"eael-entry-header\"><h2 class=\"eael-entry-title\"><a class=\"eael-grid-post-link\" href=\"https:\/\/hotbin.ch\/fr\/la-bouteille-kick-start\/\" title=\"Le d\u00e9marrage de votre HOTBIN en automne et hiver\">Le d\u00e9marrage de votre HOTBIN en automne et hiver<\/a><\/h2><\/header><div class=\"eael-entry-content\">\n                        <div class=\"eael-grid-post-excerpt\"><p>Le compostage vous fournit une mati\u00e8re organique riche qui am\u00e9liore grandement la qualit\u00e9 de la terre de votre jardin. Que vous saupoudriez du compost \u00e0&hellip;<\/p><a href=\"https:\/\/hotbin.ch\/fr\/la-bouteille-kick-start\/\" class=\"eael-post-elements-readmore-btn\">En savoir plus<\/a><\/div>\n                    <\/div><div class=\"eael-entry-footer\"><div class=\"eael-author-avatar\"><a href=\"https:\/\/hotbin.ch\/fr\/author\/hotbineditor\/\"><\/a><\/div><div class=\"eael-entry-meta\"><span class=\"eael-posted-by\"><a href=\"https:\/\/hotbin.ch\/fr\/author\/hotbineditor\/\" title=\"Posts by HOTBIN Switzerland\" rel=\"author\">HOTBIN Switzerland<\/a><\/span><span class=\"eael-posted-on\"><time datetime=\"13. d\u00e9cembre 2020\">13. d\u00e9cembre 2020<\/time><\/span><\/div><\/div><\/div><\/div>\n        <\/div>\n    <\/article><article class=\"eael-grid-post  eael-post-grid-column eael-pg-post-15711 category-non-classifiee\" data-id=\"15711\">\n        <div class=\"eael-grid-post-holder\">\n            <div class=\"eael-grid-post-holder-inner\"><div class=\"eael-entry-media\"><div class=\"eael-entry-overlay fade-in\"><i class=\"fas fa-long-arrow-alt-right\" aria-hidden=\"true\"><\/i><a href=\"https:\/\/hotbin.ch\/fr\/compostage-local-des-dechets-alimentaires-sans-camion\/\"><\/a><\/div><div class=\"eael-entry-thumbnail \">\n                <img decoding=\"async\" src=\"https:\/\/hotbin.ch\/wp-content\/uploads\/2020\/10\/post6-pic3-1-600x450.jpg\" alt=\"Commune de Bardonnex\" \/>\n            <\/div>\n        <\/div><div class=\"eael-entry-wrapper\"><header class=\"eael-entry-header\"><h2 class=\"eael-entry-title\"><a class=\"eael-grid-post-link\" href=\"https:\/\/hotbin.ch\/fr\/compostage-local-des-dechets-alimentaires-sans-camion\/\" title=\"Compostage local des d\u00e9chets alimentaires, sans camion\">Compostage local des d\u00e9chets alimentaires, sans camion<\/a><\/h2><\/header><div class=\"eael-entry-content\">\n                        <div class=\"eael-grid-post-excerpt\"><p>La commune de Bardonnex, situ\u00e9e dans le canton de Gen\u00e8ve, a pris l\u2019initiative de valoriser localement la mati\u00e8re organique en la compostant gr\u00e2ce aux HOTBINs.&hellip;<\/p><a href=\"https:\/\/hotbin.ch\/fr\/compostage-local-des-dechets-alimentaires-sans-camion\/\" class=\"eael-post-elements-readmore-btn\">En savoir plus<\/a><\/div>\n                    <\/div><div class=\"eael-entry-footer\"><div class=\"eael-author-avatar\"><a href=\"https:\/\/hotbin.ch\/fr\/author\/hotbineditor\/\"><\/a><\/div><div class=\"eael-entry-meta\"><span class=\"eael-posted-by\"><a href=\"https:\/\/hotbin.ch\/fr\/author\/hotbineditor\/\" title=\"Posts by HOTBIN Switzerland\" rel=\"author\">HOTBIN Switzerland<\/a><\/span><span class=\"eael-posted-on\"><time datetime=\"5. octobre 2020\">5. octobre 2020<\/time><\/span><\/div><\/div><\/div><\/div>\n        <\/div>\n    <\/article><\/div>\n            <div class=\"clearfix\"><\/div>\n        <\/div>            <div class=\"eael-load-more-button-wrap\">\n                <button class=\"eael-load-more-button\" id=\"eael-load-more-btn-14f7f69\" data-widget-id=\"14f7f69\" data-widget=\"14f7f69\" data-page-id=\"11515\" data-template=\"{&quot;dir&quot;:&quot;lite&quot;,&quot;file_name&quot;:&quot;one.php&quot;,&quot;name&quot;:&quot;Post-Grid&quot;}\" data-class=\"Essential_Addons_Elementor\\Elements\\Post_Grid\" data-layout=\"masonry\" data-page=\"1\" data-args=\"orderby=date&amp;order=desc&amp;ignore_sticky_posts=1&amp;post_status=publish&amp;posts_per_page=6&amp;offset=0&amp;post_type=post\" data-max-page=\"2\">\n                    <span class=\"eael-btn-loader button__loader\"><\/span>\n                    <span class=\"eael_load_more_text\">Charger plus<\/span>\n                <\/button>\n            <\/div>\n            \t\t\t\t<\/div>\n\t\t\t\t<\/div>\n\t\t\t\t\t<\/div>\n\t\t<\/div>\n\t\t\t\t\t<\/div>\n\t\t<\/section>\n\t\t\t\t<\/div>\n\t\t","protected":false},"excerpt":{"rendered":"<p>HOTBIN vient en aide \u00e0 une grande cause en Suisse romande Personne ne devrait faire face au cancer tout seul. Et, gr\u00e2ce \u00e0 l\u2019ESCA CancerSupport,&hellip;<\/p>\n","protected":false},"author":7,"featured_media":0,"parent":0,"menu_order":0,"comment_status":"closed","ping_status":"closed","template":"","meta":{"_acf_changed":false,"footnotes":""},"class_list":["post-11515","page","type-page","status-publish","hentry"],"acf":[],"_links":{"self":[{"href":"https:\/\/hotbin.ch\/fr\/wp-json\/wp\/v2\/pages\/11515","targetHints":{"allow":["GET"]}}],"collection":[{"href":"https:\/\/hotbin.ch\/fr\/wp-json\/wp\/v2\/pages"}],"about":[{"href":"https:\/\/hotbin.ch\/fr\/wp-json\/wp\/v2\/types\/page"}],"author":[{"embeddable":true,"href":"https:\/\/hotbin.ch\/fr\/wp-json\/wp\/v2\/users\/7"}],"replies":[{"embeddable":true,"href":"https:\/\/hotbin.ch\/fr\/wp-json\/wp\/v2\/comments?post=11515"}],"version-history":[{"count":7,"href":"https:\/\/hotbin.ch\/fr\/wp-json\/wp\/v2\/pages\/11515\/revisions"}],"predecessor-version":[{"id":13705,"href":"https:\/\/hotbin.ch\/fr\/wp-json\/wp\/v2\/pages\/11515\/revisions\/13705"}],"wp:attachment":[{"href":"https:\/\/hotbin.ch\/fr\/wp-json\/wp\/v2\/media?parent=11515"}],"curies":[{"name":"wp","href":"https:\/\/api.w.org\/{rel}","templated":true}]}}